{"id":993,"date":"2024-06-13T13:03:14","date_gmt":"2024-06-13T13:03:14","guid":{"rendered":"https:\/\/eandjaluminium.com\/?page_id=993"},"modified":"2024-06-13T13:03:14","modified_gmt":"2024-06-13T13:03:14","slug":"mentions-legales","status":"publish","type":"page","link":"https:\/\/eandjaluminium.com\/?page_id=993","title":{"rendered":"Mentions l\u00e9gales"},"content":{"rendered":"<h3>Entreprise<\/h3>\n<p>SIRET: 81831992300020 | APE : 4332A<br \/>\nSIEGE SOCIAL : 32B Avenue des Ginguettes, 66760 Bourg-Madame<\/p>\n<h3>\u00c9diteur du site web<\/h3>\n<p>BUSAKI SARL, 5 Avenue Emmanuel Brousse, 66760 Bourg-Madame<br \/>\nH\u00e9bergement : IONOS SAS <br \/>\nS.D.K : SIGMA-VISION.COM<\/p>\n<hr\/>\n<p><strong>Cr\u00e9dits photos. <\/strong><\/p>\n<p align=\"justify\">Les photos utilis\u00e9es pour le site www.pays-catalan.shop nous sont remises par diff\u00e9rents interlocuteurs. EANJALUMINIUM   s\u2019efforce, selon les moyens professionnels habituels de conna\u00eetre le ou les auteurs correspondants et de v\u00e9rifier les droits aff\u00e9rents. Il peut   arriver cependant que les informations qui nous sont transmises ne   soient pas exactes ou incompl\u00e8tes et ce, malgr\u00e9 nos v\u00e9rifications. Dans   ce cas, et avec le souci de pr\u00e9server imm\u00e9diatement les droits   d\u2019auteurs, EANJALUMINIUM sur simple notification motiv\u00e9e (justificatifs de l\u2019auteur de la photo et des droits d\u2019utilisation accord\u00e9s), retirera la ou les photos concern\u00e9es du site www.pays-catalan.shop. Cette proc\u00e9dure   simplifi\u00e9e a pour but, en cas d\u2019erreur sur l\u2019identit\u00e9 du d\u00e9tenteur d\u2019un droit, de permettre une rectification rapide. <\/p>\n<p align=\"justify\">Les photos utilis\u00e9es pour pr\u00e9senter les prestations de loisirs et l\u2019\u00e9v\u00e8nementiel festif sont choisies \u00e0 l\u2019initiative et sous la seule responsabilit\u00e9 des professionnels concern\u00e9s. EANJALUMINIUM ne conna\u00eet pas ces photos et n\u2019intervient pas dans leur choix sur le site www.pays-catalan.shop. Les droits d\u2019auteurs et de reproduction devront \u00eatre identifi\u00e9s par les professionnels concern\u00e9s et ce, sous leur seule responsabilit\u00e9. <\/p>\n<p align=\"justify\">Les illustrations utilis\u00e9es pour pr\u00e9senter les prestations de loisirs et l\u2019\u00e9v\u00e8nementiel festif sont extraites des banques d&rsquo;images vectorielles comme shutterstock, freedesignfile ou 365psd et sont libres de droits. <\/p>\n<p><strong>Reproduction<\/strong>. <\/p>\n<p align=\"justify\">Le droit de reproduire ne s&rsquo;entend qu&rsquo;aux fins de repr\u00e9sentation sur \u00e9cran monoposte et est strictement r\u00e9serv\u00e9 \u00e0 un usage priv\u00e9. Toute reproduction, distribution ou publication de contenus \u00e0 usage commercial ou collectif sans autorisation \u00e9crite pr\u00e9alable \u00e9manant de EANJALUMINIUM est interdite. <br \/>\n  L&rsquo;autorisation de reproduction peut \u00eatre demand\u00e9e \u00e0 l&rsquo;adresse suivante : <strong><span id=\"cloak5cbb1305b82378906689c8f4baab4736\"><a href=\"mailto:contact@eandjaluminium.com\">infos@signeco.events<\/a><\/span><\/strong>\n<\/p>\n<p>&#8212;&#8212;&#8212;&#8212;&#8212;&#8212;&#8212;&#8212;&#8212;&#8212;&#8212;&#8212;&#8212;&#8212;&#8212;&#8212;&#8212;&#8212;&#8212;&#8212;&#8212;&#8212;&#8212;&#8212;&#8212;&#8212;&#8211;<\/p>\n<p><strong>CONDITIONS G\u00c9N\u00c9RALES D\u2019UTILISATION \u2013 V\/01\/03\/2023<\/strong><\/p>\n<p align=\"justify\">Le pr\u00e9sent document a pour but de fixer les Conditions G\u00e9n\u00e9rales d&rsquo;utilisation des services de www.EANJALUMINIUM.com.   Nous nous r\u00e9servons la possibilit\u00e9 de modifier celles-ci et vous demandons par cons\u00e9quent de vous y reporter r\u00e9guli\u00e8rement. Sauf   disposition expresse contraire, toute nouvelle caract\u00e9ristique qui am\u00e9liore ou augmente un ou plusieurs services existants ou tout nouveau service lanc\u00e9 par www.EANJALUMINIUM.com seront soumis aux pr\u00e9sentes   Conditions G\u00e9n\u00e9rales. <\/p>\n<p>Pour pouvoir utiliser le service www.EANJALUMINIUM.com, l&rsquo;utilisateur doit poss\u00e9der un acc\u00e8s internet, dont les \u00e9ventuels co\u00fbts sont \u00e0 sa   charge. <\/p>\n<p><strong>1. Limitation de responsabilit\u00e9. <\/strong><\/p>\n<p align=\"justify\">Alors m\u00eame que EANJALUMINIUM a effectu\u00e9 toutes les d\u00e9marches n\u00e9cessaires pour s&rsquo;assurer de la fiabilit\u00e9 des informations, services, logiciels ou produits contenus sur ce site web, il ne saurait \u00eatre tenu pour responsable d&rsquo;erreurs, d&rsquo;omissions, de virus ou des r\u00e9sultats qui pourraient \u00eatre obtenus par un mauvais usage de ceux-ci.   EANJALUMINIUM n&rsquo;est en effet tenu que d&rsquo;une simple obligation de moyens. <\/p>\n<p align=\"justify\">L&rsquo;utilisateur d\u00e9clare et garantit qu&rsquo;il conna\u00eet parfaitement les caract\u00e9ristiques et les contraintes de l&rsquo;Internet, et notamment que les transmissions de donn\u00e9es et d&rsquo;informations sur l&rsquo;Internet ne b\u00e9n\u00e9ficient que d&rsquo;une fiabilit\u00e9 technique relative, celles-ci circulant sur des r\u00e9seaux h\u00e9t\u00e9rog\u00e8nes aux caract\u00e9ristiques et capacit\u00e9s techniques diverses, qui perturbent l&rsquo;acc\u00e8s ou le rendent impossible \u00e0 certaines p\u00e9riodes. <\/p>\n<p align=\"justify\">EANJALUMINIUM s&rsquo;efforce de maintenir accessiblewww.EANJALUMINIUM.com 7 jours sur 7 et 24 heures sur 24, mais n&rsquo;est tenu \u00e0   aucune obligation d&rsquo;y parvenir. EANJALUMINIUM peut donc en interrompre l&rsquo;acc\u00e8s, notamment pour des raisons de maintenance et de mise \u00e0 niveau. L&rsquo;acc\u00e8s peut \u00e9galement \u00eatre interrompu pour toute autre raison. EANJALUMINIUM\u00ae n&rsquo;est en aucun cas responsable de ces interruptions et des cons\u00e9quences qui peuvent en d\u00e9couler pour l&rsquo;utilisateur ou tous tiers.   Il est rappel\u00e9 par ailleurs que EANJALUMINIUM peut mettre fin ou modifier les caract\u00e9ristiques de www.pays-catalan.shop \u00e0 tout moment, et   cela sans pr\u00e9avis. <\/p>\n<p align=\"justify\">En aucun cas EANJALUMINIUM ne saura \u00eatre tenu pour responsable d&rsquo;une perte de donn\u00e9es ou d&rsquo;une d\u00e9t\u00e9rioration li\u00e9e \u00e0 ces   donn\u00e9es. <br \/>\n  Toute information ou conseil fourni par www.pays-catalan.shop ne saurait \u00eatre interpr\u00e9t\u00e9 comme une quelconque garantie. <\/p>\n<p align=\"justify\">Par ailleurs des liens hypertextes peuvent conduire \u00e0 une consultation de sites ext\u00e9rieurs g\u00e9r\u00e9s par des tiers. Sur ces sites web, EANJALUMINIUM n&rsquo;a aucun contr\u00f4le et n&rsquo;assume aucune responsabilit\u00e9 quant \u00e0 leur contenu. <\/p>\n<p align=\"justify\">Seul www.EANJALUMINIUM.com est destinataire des informations nominatives collect\u00e9es ainsi que, le cas \u00e9ch\u00e9ant, les   organismes techniques intervenant dans la mise en \u0153uvre des services propos\u00e9s. <\/p>\n<p align=\"justify\">Cependant, www.EANJALUMINIUM.com peut \u00eatre amen\u00e9 \u00e0 divulguer des informations personnelles lorsqu&rsquo;elles sont n\u00e9cessaires \u00e0 l&rsquo;identification, \u00e0 l&rsquo;interpellation ou \u00e0 la poursuite en justice de tout individu susceptible de porter pr\u00e9judice ou atteinte (intentionnellement ou non) aux droits ou \u00e0 la propri\u00e9t\u00e9 de www.pays-catalan.shop, \u00e0 d&rsquo;autres utilisateurs de www.EANJALUMINIUM.com, ou \u00e0 toute autre personne risquant d&rsquo;\u00eatre p\u00e9nalis\u00e9e par de telles activit\u00e9s. <\/p>\n<p><strong>2. Cookies. <\/strong><\/p>\n<p align=\"justify\">Un \u00ab\u00a0cookie\u00a0\u00bb est un petit bloc de donn\u00e9es envoy\u00e9 \u00e0 votre navigateur par un serveur web et stock\u00e9 sur le disque dur de votre ordinateur. Un ou plusieurs \u00ab\u00a0cookies\u00a0\u00bb peuvent \u00eatre plac\u00e9s de mani\u00e8re   anonyme par www.pays-catalan.shop sur le disque dur de votre ordinateur. Ces   cookies ne comportent aucune information \u00e0 caract\u00e8re priv\u00e9, ou qui puisse permettre de vous identifier. Ils permettent simplement \u00e0   EANJALUMINIUM d&rsquo;am\u00e9liorer en permanence le service propos\u00e9 \u00e0 ses   Membres dans l&rsquo;acc\u00e8s aux contenus, de reconna\u00eetre le Membre lorsqu&rsquo;il se   connecte \u00e0 www.pays-catalan.shop, de faciliter la gestion de   EANJALUMINIUM, et \u00e0 des fins statistiques (pages consult\u00e9es, date et heure des consultations, etc.). L&rsquo;utilisateur est inform\u00e9 qu&rsquo;il   peut s&rsquo;opposer \u00e0 leur mise en place en suivant la proc\u00e9dure indiqu\u00e9e sur son navigateur. N\u00e9anmoins, l&rsquo;utilisation du site www.pays-catalan.shop   pourrait dans ce cas se r\u00e9v\u00e9ler alt\u00e9r\u00e9e, voire impossible. <\/p>\n<p><strong>3. Liens. <\/strong><\/p>\n<p align=\"justify\">Le m\u00e9canisme des liens est autoris\u00e9 lorsque les pages du site www.EANJALUMINIUM.com apparaissent dans une fen\u00eatre enti\u00e8re et isol\u00e9e, sous leurs adresses respectives. EANJALUMINIUM n\u2019exerce pas et ne peut pas mat\u00e9riellement exercer de contr\u00f4le sur le contenu des liens externes ou contacts auxquels ceux-ci peuvent renvoyer.<br \/>\n  En aucune mani\u00e8re, EANJALUMINIUM ne peut \u00eatre consid\u00e9r\u00e9 comme partenaire ou interm\u00e9diaire dans toute \u00e9ventuelle relation \u00e9conomique ou autre, pouvant se nouer directement ou indirectement entre l\u2019utilisateur et un annonceur. <br \/>\n  Toute utilisation de liens se fait donc sous la pleine et   enti\u00e8re responsabilit\u00e9 de l\u2019utilisateur qui assume seul la totalit\u00e9 des risques pouvant en d\u00e9couler. EANJALUMINIUM ne pourra donc en aucun cas \u00eatre retenu comme responsable d\u2019un quelconque dommage direct ou indirect de quelque nature que ce soit r\u00e9sultant de l\u2019utilisation faite du site par l\u2019utilisateur. <\/p>\n<p>Vous devez consulter les conditions d\u2019utilisation et les conditions g\u00e9n\u00e9rales et particuli\u00e8res de ventes applicables \u00e0 chaque site ou   service que vous visitez. <\/p>\n<p><strong>4. Commerce. <\/strong><\/p>\n<p align=\"justify\">Tout utilisateur s&rsquo;interdit d&rsquo;utiliser ce site web directement \u00e0 des fins de commerce et d&rsquo;une mani\u00e8re g\u00e9n\u00e9rale de proposer des produits et des services le r\u00e9mun\u00e9rant de mani\u00e8re directe ou indirecte ; il s&rsquo;interdit de \u00ab\u00a0revendre\u00a0\u00bb ou de mettre \u00e0 disposition d&rsquo;un tiers et\/ou des autres utilisateurs, \u00e0 titre on\u00e9reux   et\/ou gratuit, le service www.EANJALUMINIUM.com ; il s&rsquo;interdit de publier tout message publicitaire, de promotion, ou de parrainage r\u00e9mun\u00e9rant l&rsquo;utilisateur sous quelque forme que ce soit, sans l\u2019accord pr\u00e9alable de   EANJALUMINIUM. <\/p>\n<p><strong>5. Responsabilit\u00e9s r\u00e9dactionnelles. <\/strong><\/p>\n<p align=\"justify\">En proposant des contenus \u00e0 www.EANJALUMINIUM.com, les participants transf\u00e8rent \u00e0 EANJALUMINIUM leurs droits de reproduction personnels ou les droits transmis susmentionn\u00e9s. <br \/>\n  Toutefois, il appartient \u00e0 l\u2019utilisateur du service de publication de v\u00e9rifier qu\u2019il dispose bien des droits d\u2019exploitations n\u00e9cessaires avant tout transfert sur www.EANJALUMINIUM.com<br \/>\n  L\u2019utilisateur a conscience que la protection de la propri\u00e9t\u00e9 intellectuelle est une priorit\u00e9 sur www.EANJALUMINIUM.com  et que EANJALUMINIUM pourra engager une proc\u00e9dure pour la v\u00e9rification des donn\u00e9es transmises dans le but de d\u00e9fendre leurs auteurs<\/p>\n","protected":false},"excerpt":{"rendered":"<p>Entreprise SIRET: 81831992300020 | APE : 4332A SIEGE SOCIAL : 32B Avenue des Ginguettes, 66760 Bourg-Madame \u00c9diteur du site web BUSAKI SARL, 5 Avenue Emmanuel Brousse, 66760 Bourg-Madame H\u00e9bergement : IONOS SAS S.D.K : SIGMA-VISION.COM Cr\u00e9dits photos. Les photos utilis\u00e9es pour le site www.pays-catalan.shop nous sont remises par diff\u00e9rents interlocuteurs. EANJALUMINIUM s\u2019efforce, selon les moyens [&hellip;]<\/p>\n","protected":false},"author":1,"featured_media":0,"parent":0,"menu_order":0,"comment_status":"closed","ping_status":"closed","template":"","meta":{"footnotes":""},"class_list":["post-993","page","type-page","status-publish","hentry"],"_links":{"self":[{"href":"https:\/\/eandjaluminium.com\/index.php?rest_route=\/wp\/v2\/pages\/993","targetHints":{"allow":["GET"]}}],"collection":[{"href":"https:\/\/eandjaluminium.com\/index.php?rest_route=\/wp\/v2\/pages"}],"about":[{"href":"https:\/\/eandjaluminium.com\/index.php?rest_route=\/wp\/v2\/types\/page"}],"author":[{"embeddable":true,"href":"https:\/\/eandjaluminium.com\/index.php?rest_route=\/wp\/v2\/users\/1"}],"replies":[{"embeddable":true,"href":"https:\/\/eandjaluminium.com\/index.php?rest_route=%2Fwp%2Fv2%2Fcomments&post=993"}],"version-history":[{"count":1,"href":"https:\/\/eandjaluminium.com\/index.php?rest_route=\/wp\/v2\/pages\/993\/revisions"}],"predecessor-version":[{"id":994,"href":"https:\/\/eandjaluminium.com\/index.php?rest_route=\/wp\/v2\/pages\/993\/revisions\/994"}],"wp:attachment":[{"href":"https:\/\/eandjaluminium.com\/index.php?rest_route=%2Fwp%2Fv2%2Fmedia&parent=993"}],"curies":[{"name":"wp","href":"https:\/\/api.w.org\/{rel}","templated":true}]}}