{"id":94,"date":"2024-02-08T13:57:06","date_gmt":"2024-02-08T13:57:06","guid":{"rendered":"https:\/\/eandjaluminium.com\/?page_id=94"},"modified":"2024-06-13T12:15:56","modified_gmt":"2024-06-13T12:15:56","slug":"produits","status":"publish","type":"page","link":"https:\/\/eandjaluminium.com\/?page_id=94","title":{"rendered":"Nos prestations"},"content":{"rendered":"<h3>Tous les produits, les prestations <br \/>que votre artisan vous propose :<\/h3>\n<ul>\n<li>\n<p>        <img decoding=\"async\" src=\"\/wp-content\/uploads\/portfolio-03.jpg\" alt=\"Fenetre, ventana, finestra, alu, bois pcv,verre isolant, vidrio aislante, vidre a\u00efllant,\"><\/p>\n<h2>Fen\u00eatres<\/h2>\n<p><a href=\"\/\/eandjaluminium.com\/?page_id=152\">D\u00e9couvrir&#8230;<\/a><\/p>\n<\/li>\n<li>\n<p>        <img decoding=\"async\" src=\"\/wp-content\/uploads\/2024\/02\/copie-0_pexels-eneida-nieves-981999.jpg\" alt=\"\"><\/p>\n<h2>Portes, Portails<\/h2>\n<p><a href=\"\/\/eandjaluminium.com\/?page_id=296\">D\u00e9couvrir&#8230;<\/a><\/p>\n<\/li>\n<li>\n<p>        <img decoding=\"async\" src=\"\/wp-content\/uploads\/2024\/04\/store-p-prestation.jpg\" alt=\"persiana, volet roulant manuel, persiana manual, persiana manual, volet roulant motoris\u00e9, persiana a motor, persiana a motor\"><\/p>\n<h2>Volets , Stores &#038; Moustiquaires<\/h2>\n<p><a href=\"\/\/eandjaluminium.com\/?page_id=164\">D\u00e9couvrir&#8230;<\/a><\/p>\n<\/li>\n<li>\n<p>        <img decoding=\"async\" src=\"\/wp-content\/uploads\/2024\/02\/GC-v-3.jpg\" alt=\"Garde corps en verre, s\u00e9curit\u00e9, moderne, transparence,pose de miroir,erre, plexis, sur mesure, esth\u00e9tique\"><\/p>\n<h2>     Miroiterie , Vitrage &#038; Anti-regard<\/h2>\n<p><a href=\"\/\/eandjaluminium.com\/?page_id=239\">D\u00e9couvrir&#8230;<\/a><\/p>\n<\/li>\n<\/ul>\n<p><!--more--><br \/>\n<!-- {\"type\":\"layout\",\"children\":[{\"name\":\"Hero\",\"type\":\"section\",\"props\":{\"image_position\":\"center-center\",\"padding\":\"large\",\"style\":\"default\",\"title\":\"Services\",\"title_breakpoint\":\"l\",\"title_position\":\"top-right\",\"title_rotation\":\"left\",\"vertical_align\":\"middle\",\"width\":\"large\"},\"children\":[{\"type\":\"row\",\"children\":[{\"type\":\"column\",\"props\":{\"image_position\":\"center-center\",\"position_sticky_breakpoint\":\"m\",\"width_medium\":\"1-1\"},\"children\":[{\"type\":\"headline\",\"props\":{\"animation\":\"parallax\",\"content\":\"Tous les produits, les prestations <br \\\/>que votre artisan vous propose :\",\"parallax_breakpoint\":\"m\",\"parallax_easing\":\"1\",\"parallax_y\":\"0,-75\",\"text_align\":\"center\",\"title_element\":\"h3\",\"title_style\":\"h2\"}}]}]}]},{\"name\":\"Services\",\"type\":\"section\",\"props\":{\"animation_delay\":false,\"image_position\":\"center-center\",\"padding\":\"xsmall\",\"padding_remove_bottom\":false,\"padding_remove_top\":false,\"style\":\"default\",\"title_breakpoint\":\"s\",\"title_position\":\"top-right\",\"title_rotation\":\"left\",\"vertical_align\":\"middle\",\"width\":\"\"},\"children\":[{\"type\":\"row\",\"props\":{\"margin_remove_bottom\":false,\"margin_remove_top\":false},\"children\":[{\"type\":\"column\",\"props\":{\"image_position\":\"center-center\",\"position_sticky_breakpoint\":\"m\",\"width_medium\":\"1-1\"},\"children\":[{\"type\":\"gallery\",\"props\":{\"animation\":\"none\",\"filter_align\":\"left\",\"filter_all\":true,\"filter_grid_breakpoint\":\"m\",\"filter_grid_width\":\"auto\",\"filter_position\":\"top\",\"filter_style\":\"tab\",\"grid_column_gap\":\"small\",\"grid_default\":\"1\",\"grid_medium\":\"2\",\"grid_row_gap\":\"small\",\"grid_small\":\"2\",\"image_border\":\"rounded\",\"image_box_decoration_inverse\":true,\"image_height\":\"400\",\"image_loading\":true,\"image_min_height\":\"240\",\"image_transition\":\"scale-up\",\"image_transition_border\":false,\"image_width\":\"450\",\"item_animation\":true,\"link_style\":\"default\",\"link_text\":\"\",\"margin\":\"\",\"meta_align\":\"below-title\",\"meta_element\":\"div\",\"meta_style\":\"\",\"overlay_hover\":false,\"overlay_link\":true,\"overlay_margin\":\"large\",\"overlay_maxwidth\":\"large\",\"overlay_mode\":\"caption\",\"overlay_padding\":\"large\",\"overlay_position\":\"center\",\"overlay_style\":\"overlay-default\",\"overlay_transition\":\"fade\",\"parallax_easing\":\"1\",\"show_content\":true,\"show_hover_image\":true,\"show_link\":true,\"show_meta\":true,\"show_title\":true,\"text_align\":\"center\",\"text_color\":\"\",\"title_element\":\"h2\",\"title_hover_style\":\"reset\"},\"children\":[{\"type\":\"gallery_item\",\"props\":{\"content\":\"\",\"image\":\"\\\/wp-content\\\/uploads\\\/portfolio-03.jpg\",\"image_alt\":\"Fenetre, ventana, finestra, alu, bois pcv,verre isolant, vidrio aislante, vidre a\\u00efllant,\",\"link\":\"\\\/\\\/eandjaluminium.com\\\/?page_id=152\",\"link_text\":\"D\\u00e9couvrir...\",\"tags\":\"qualite , calidad, qualitat,profil\\u00e9s, perfiles , perfils,transmission thermique, transmision t\\u00e9rmica, transmissio t\\u00e8rmica, isolation acoustique, aislamiento acustico, a\\u00efllament  acustic,\",\"title\":\"Fen\\u00eatres\"}},{\"type\":\"gallery_item\",\"props\":{\"content\":\"\",\"image\":\"wp-content\\\/uploads\\\/2024\\\/02\\\/copie-0_pexels-eneida-nieves-981999.jpg\",\"link\":\"\\\/\\\/eandjaluminium.com\\\/?page_id=296\",\"link_text\":\"D\\u00e9couvrir...\",\"tags\":\"Porte d'entr\\u00e9e ,Aluminium, porte de garage  , qualit\\u00e9, profil\\u00e9s, profil\\u00e9s pvc, profil\\u00e9s aluminium, profil\\u00e9s bois, transmission thermique, isolation acoustique\",\"title\":\"Portes, Portails\"}},{\"type\":\"gallery_item\",\"props\":{\"content\":\"\",\"image\":\"wp-content\\\/uploads\\\/2024\\\/04\\\/store-p-prestation.jpg\",\"image_alt\":\"persiana, volet roulant manuel, persiana manual, persiana manual, volet roulant motoris\\u00e9, persiana a motor, persiana a motor\",\"link\":\"\\\/\\\/eandjaluminium.com\\\/?page_id=164\",\"link_text\":\"D\\u00e9couvrir...\",\"tags\":\"Volets bois, renovation, couleur, volets \\u00e9lectrique, volets solaires, moustiquaires, stores, moustiquaires, mosquiteras, mosquiteres, screen,  auvents,, cortinas, cortines, \",\"title\":\"Volets , Stores & Moustiquaires\"}},{\"type\":\"gallery_item\",\"props\":{\"content\":\"\",\"image\":\"wp-content\\\/uploads\\\/2024\\\/02\\\/GC-v-3.jpg\",\"image_alt\":\"Garde corps en verre, s\\u00e9curit\\u00e9, moderne, transparence,pose de miroir,erre, plexis, sur mesure, esth\\u00e9tique\",\"link\":\"\\\/\\\/eandjaluminium.com\\\/?page_id=239\",\"link_text\":\"D\\u00e9couvrir...\",\"tags\":\"carpinter\\u00eca, fusteria, menuiserie,devis gratuit , presupuesto gratuito, pressupost gratuit\",\"title\":\"     Miroiterie , Vitrage & Anti-regard\"}}]}]}]}]}],\"version\":\"4.3.13\"} --><\/p>\n","protected":false},"excerpt":{"rendered":"<p>Tous les produits, les prestations que votre artisan vous propose : Fen\u00eatres D\u00e9couvrir&#8230; Portes, Portails D\u00e9couvrir&#8230; Volets , Stores &#038; Moustiquaires D\u00e9couvrir&#8230; Miroiterie , Vitrage &#038; Anti-regard D\u00e9couvrir&#8230;<\/p>\n","protected":false},"author":2,"featured_media":0,"parent":0,"menu_order":0,"comment_status":"closed","ping_status":"closed","template":"","meta":{"footnotes":""},"class_list":["post-94","page","type-page","status-publish","hentry"],"_links":{"self":[{"href":"https:\/\/eandjaluminium.com\/index.php?rest_route=\/wp\/v2\/pages\/94","targetHints":{"allow":["GET"]}}],"collection":[{"href":"https:\/\/eandjaluminium.com\/index.php?rest_route=\/wp\/v2\/pages"}],"about":[{"href":"https:\/\/eandjaluminium.com\/index.php?rest_route=\/wp\/v2\/types\/page"}],"author":[{"embeddable":true,"href":"https:\/\/eandjaluminium.com\/index.php?rest_route=\/wp\/v2\/users\/2"}],"replies":[{"embeddable":true,"href":"https:\/\/eandjaluminium.com\/index.php?rest_route=%2Fwp%2Fv2%2Fcomments&post=94"}],"version-history":[{"count":42,"href":"https:\/\/eandjaluminium.com\/index.php?rest_route=\/wp\/v2\/pages\/94\/revisions"}],"predecessor-version":[{"id":987,"href":"https:\/\/eandjaluminium.com\/index.php?rest_route=\/wp\/v2\/pages\/94\/revisions\/987"}],"wp:attachment":[{"href":"https:\/\/eandjaluminium.com\/index.php?rest_route=%2Fwp%2Fv2%2Fmedia&parent=94"}],"curies":[{"name":"wp","href":"https:\/\/api.w.org\/{rel}","templated":true}]}}