{"id":38,"date":"2024-02-08T13:32:10","date_gmt":"2024-02-08T13:32:10","guid":{"rendered":"https:\/\/eandjaluminium.com\/?page_id=38"},"modified":"2025-02-28T10:16:38","modified_gmt":"2025-02-28T10:16:38","slug":"contactez-nous","status":"publish","type":"page","link":"https:\/\/eandjaluminium.com\/","title":{"rendered":"A propos de nous"},"content":{"rendered":"<ul>\n<li>\n<p>        <img decoding=\"async\" src=\"\/wp-content\/uploads\/2025\/02\/fenetre-alu-taille-personnelle.jpg\" alt=\"fen\u00eatre aluminium vue exterieure\"><\/p>\n<\/li>\n<li>\n<p>        <img decoding=\"async\" src=\"\/wp-content\/uploads\/2024\/02\/alu-8-scaled.jpg\" alt=\"\"><\/p>\n<\/li>\n<li>\n<p>        <img decoding=\"async\" src=\"\/wp-content\/uploads\/2024\/02\/alu-5-scaled.jpg\" alt=\"\"><\/p>\n<\/li>\n<li>\n<p>        <img decoding=\"async\" src=\"\/wp-content\/uploads\/2024\/02\/alu-2.jpg\" alt=\"Fen\u00eatre Aluminium Baie vitr\u00e9e, sur mesure\"><\/p>\n<\/li>\n<\/ul>\n<h1>E et J Aluminium<\/h1>\n<div>\n<p>Artisan menuisier \u00e0 Bourg-Madame<\/p>\n<p>Menuiserie, Bois, Aluminium, PVC, Agencement Int\u00e9rieur, Ext\u00e9rieur..<\/p>\n<p>Pour tous vos travaux de r\u00e9novation, de vitrage, menuiserie Aluminium, PVC, pour poser une v\u00e9randa, pour r\u00e9nover, changer vos parquets, volets etc..<\/p>\n<p>Nous vous proposons un large panel de prestations mais si votre projet n&rsquo;apparait pas ici ; n&rsquo;h\u00e9sitez pas \u00e0 nous contacter !<\/p>\n<p>Vous trouverez aupr\u00e8s de Juan, un accueil chaleureux, des conseils, une \u00e9coute et le respect de votre budget.<\/p>\n<p>Juan est artisan RGE (Reconnu Garant de l&rsquo;Environnement).<\/p>\n<p><span>\u00a0<\/span><\/p>\n<\/div>\n<p><img decoding=\"async\" src=\"\/wp-content\/uploads\/2024\/03\/Baie-vitree-aluminium-coulissante--scaled.jpg\" alt=\"Baie vitr\u00e9e aluminium coulissante\"><\/p>\n<ul>\n<li>\n<p>        <img decoding=\"async\" src=\"\/wp-content\/uploads\/2024\/02\/alu-1.jpg\" alt=\"Fen\u00eatre Aluminium Baie vitr\u00e9e, sur mesure\"><\/p>\n<h3>Baie vitr\u00e9e Aluminium<\/h3>\n<\/li>\n<li>\n<p>        <img decoding=\"async\" src=\"\/wp-content\/uploads\/2025\/02\/fenetre-alu-taille-personnelle-2.jpg\" alt=\"Fen\u00eatre aluminium vue int\u00e9rieure\"><\/p>\n<\/li>\n<\/ul>\n<div>\n<\/p>\n<\/p>\n<\/p>\n<\/p>\n<\/p>\n<\/p>\n<\/div>\n<h3>Nous trouvez<\/h3>\n<div>\n<p>42.43358,1.94987<\/p>\n<h3>Bourg-Madame<\/h3>\n<\/div>\n<div>\n<p>32 avenue des Guinguettes<br \/>66760 Bourg Madame<\/p>\n<\/div>\n<p>[more]<\/p>\n<div>\n<h3><em><strong>Pourquoi\u00a0 choisir un artisan RGE ?<\/strong><\/em><\/h3>\n<\/div>\n<div>\n<p><em><strong>\u00a0<\/strong><\/em>Faire appel \u00e0 un professionnel RGE pour des travaux de r\u00e9novation \u00e9nerg\u00e9tique est un gage de qualit\u00e9. C&rsquo;est une assurance que le professionnel est comp\u00e9tent et qu&rsquo;il remplit les obligations l\u00e9gales afin que vous puissiez b\u00e9n\u00e9ficier d&rsquo;aides de l\u2019\u00c9tat pour vos travaux d&rsquo;isolation.<\/p>\n<\/div>\n<p><p>\n        <a href=\"\/wp-content\/uploads\/2024\/04\/CERTIFICAT-QUALIBAT-DQ-2023_D34-Certificat-157601-E157601-4-20240321-2.pdf\">RGE 2024-2025<\/a>\n    <\/p>\n<\/p>\n<h5>\n<h3><em><strong>Votre menuisier<\/strong><\/em><\/h3>\n<\/h5>\n<div>\n<h4>Juan Echevaria<\/h4>\n<div>\n<p>Menuisier depuis 1998 j&rsquo;ai d\u00e9cid\u00e9 en 2012 de me mettre \u00e0 mon compte afin de servir au mieux mes clients et de pratiquer mon m\u00e9tier comme j&rsquo;aime le faire.<\/p>\n<p>Depuis 2021 je travaille avec mes enfants pour leur transmettre mon savoir faire.<\/p>\n<p>Je suis patient, minutieux, \u00e0 l&rsquo;\u00e9coute des demandes de mes clients. Je fais mon possible pour \u00eatre juste dans tous mes conseils, d&rsquo;\u00e9tablir des devis adapt\u00e9s. Mon but est vraiment de servir sur mesure.<\/p>\n<p>Je choisis mes fournisseurs en fonction de la qualit\u00e9 des mat\u00e9riaux, de leur savoir. Mes profil\u00e9s sont tous de fabrication fran\u00e7aise ou europ\u00e9enne (CFTB : rep\u00e8re de qualit\u00e9, de performance et de fiabilit\u00e9 des produits ou proc\u00e9d\u00e9s de construction).<\/p>\n<\/div>\n<p><a href=\"#\"><\/a><\/p>\n<\/div>\n<p><!--more--><br \/>\n<!-- {\"type\":\"layout\",\"children\":[{\"type\":\"section\",\"props\":{\"image_position\":\"center-center\",\"padding\":\"large\",\"padding_remove_top\":true,\"style\":\"default\",\"title_breakpoint\":\"xl\",\"title_position\":\"top-left\",\"title_rotation\":\"left\",\"vertical_align\":\"\",\"width\":\"expand\"},\"children\":[{\"type\":\"row\",\"children\":[{\"type\":\"column\",\"props\":{\"image_position\":\"center-center\",\"position_sticky_breakpoint\":\"m\",\"text_color\":\"light\"},\"children\":[{\"type\":\"overlay-slider\",\"props\":{\"image_height\":\"600\",\"image_loading\":true,\"link_style\":\"default\",\"link_text\":\"Read more\",\"margin\":\"default\",\"margin_remove_bottom\":true,\"meta_align\":\"below-title\",\"meta_element\":\"div\",\"meta_style\":\"text-meta\",\"nav\":\"\",\"nav_align\":\"center\",\"nav_below\":true,\"nav_breakpoint\":\"s\",\"nav_position\":\"bottom-center\",\"nav_position_margin\":\"medium\",\"overlay_mode\":\"cover\",\"overlay_position\":\"center\",\"overlay_transition\":\"fade\",\"show_content\":true,\"show_hover_image\":true,\"show_hover_video\":true,\"show_link\":true,\"show_meta\":true,\"show_title\":true,\"slidenav\":\"default\",\"slidenav_breakpoint\":\"s\",\"slidenav_hover\":true,\"slidenav_large\":false,\"slidenav_margin\":\"medium\",\"slidenav_outside_breakpoint\":\"xl\",\"slider_autoplay\":true,\"slider_autoplay_pause\":true,\"slider_gap\":\"small\",\"slider_sets\":false,\"slider_width\":\"\",\"slider_width_default\":\"1-1\",\"slider_width_medium\":\"1-3\",\"text_align\":\"center\",\"title_element\":\"h3\",\"title_hover_style\":\"reset\"},\"children\":[{\"type\":\"overlay-slider_item\",\"props\":{\"image\":\"wp-content\\\/uploads\\\/2025\\\/02\\\/fenetre-alu-taille-personnelle.jpg\",\"image_alt\":\"fen\\u00eatre aluminium vue exterieure\"}},{\"type\":\"overlay-slider_item\",\"props\":{\"image\":\"wp-content\\\/uploads\\\/2024\\\/02\\\/alu-8-scaled.jpg\"}},{\"type\":\"overlay-slider_item\",\"props\":{\"image\":\"wp-content\\\/uploads\\\/2024\\\/02\\\/alu-5-scaled.jpg\"}},{\"type\":\"overlay-slider_item\",\"props\":{\"image\":\"wp-content\\\/uploads\\\/2024\\\/02\\\/alu-2.jpg\",\"image_alt\":\"Fen\\u00eatre Aluminium Baie vitr\\u00e9e, sur mesure\"}}]}]}]},{\"type\":\"row\",\"props\":{\"column_gap\":\"large\",\"layout\":\"2-3,1-3\",\"margin\":\"large\",\"margin_remove_top\":false,\"row_gap\":\"collapse\",\"width\":\"large\"},\"children\":[{\"type\":\"column\",\"props\":{\"image_position\":\"center-center\",\"position_sticky_breakpoint\":\"m\",\"width_medium\":\"2-3\"},\"children\":[{\"type\":\"headline\",\"props\":{\"content\":\"E et J Aluminium\",\"margin\":\"small\",\"margin_remove_top\":false,\"title_element\":\"h1\"}},{\"type\":\"breadcrumbs\",\"props\":{\"show_current\":false,\"show_home\":false}},{\"type\":\"text\",\"props\":{\"column_breakpoint\":\"m\",\"content\":\"\n\n<p>Artisan menuisier \\u00e0 Bourg-Madame<\\\/p>\\n\n\n<p>Menuiserie, Bois, Aluminium, PVC, Agencement Int\\u00e9rieur, Ext\\u00e9rieur..<\\\/p>\\n\n\n<p>Pour tous vos travaux de r\\u00e9novation, de vitrage, menuiserie Aluminium, PVC, pour poser une v\\u00e9randa, pour r\\u00e9nover, changer vos parquets, volets etc..<\\\/p>\\n\n\n<p>Nous vous proposons un large panel de prestations mais si votre projet n'apparait pas ici ; n'h\\u00e9sitez pas \\u00e0 nous contacter !<\\\/p>\\n\n\n<p>Vous trouverez aupr\\u00e8s de Juan, un accueil chaleureux, des conseils, une \\u00e9coute et le respect de votre budget.<\\\/p>\\n\n\n<p>Juan est artisan RGE (Reconnu Garant de l'Environnement).<\\\/p>\\n\n\n<p><span>\\u00a0<\\\/span><\\\/p>\",\"margin\":\"medium\",\"text_style\":\"lead\"}},{\"type\":\"image\",\"props\":{\"image\":\"wp-content\\\/uploads\\\/2024\\\/03\\\/Baie-vitree-aluminium-coulissante--scaled.jpg\",\"image_alt\":\"Baie vitr\\u00e9e aluminium coulissante\",\"image_height\":\"610\",\"image_svg_color\":\"emphasis\",\"image_width\":\"910\",\"margin\":\"\"}},{\"type\":\"grid\",\"props\":{\"class\":\"uk-grid-margin-small\",\"content_column_breakpoint\":\"m\",\"filter_align\":\"left\",\"filter_all\":true,\"filter_grid_breakpoint\":\"m\",\"filter_grid_width\":\"auto\",\"filter_position\":\"top\",\"filter_style\":\"tab\",\"grid_column_gap\":\"small\",\"grid_default\":\"2\",\"grid_medium\":\"\",\"grid_row_gap\":\"small\",\"icon_width\":80,\"image_align\":\"top\",\"image_grid_breakpoint\":\"m\",\"image_grid_width\":\"1-2\",\"image_height\":\"610\",\"image_svg_color\":\"emphasis\",\"image_width\":\"450\",\"item_animation\":true,\"lightbox_bg_close\":true,\"link_style\":\"default\",\"link_text\":\"Read more\",\"margin\":\"\",\"meta_align\":\"below-title\",\"meta_element\":\"div\",\"meta_style\":\"text-meta\",\"parallax_easing\":\"1\",\"show_content\":true,\"show_hover_image\":true,\"show_hover_video\":true,\"show_image\":true,\"show_link\":true,\"show_meta\":true,\"show_title\":false,\"show_video\":true,\"title_align\":\"top\",\"title_element\":\"h3\",\"title_grid_breakpoint\":\"m\",\"title_grid_width\":\"1-2\",\"title_hover_style\":\"reset\"},\"children\":[{\"type\":\"grid_item\",\"props\":{\"content\":\"\",\"image\":\"wp-content\\\/uploads\\\/2024\\\/02\\\/alu-1.jpg\",\"image_alt\":\"Fen\\u00eatre Aluminium Baie vitr\\u00e9e, sur mesure\",\"tags\":\"changement de fen\\u00eatre, cambio de ventana, canvi de finestra, remplacement fen\\u00eatre, reemplazar ventana, reempla\\u00e7ar finestra, renovation fen\\u00eatre, renovacion ventana, renovacio finestra\",\"title\":\"Baie vitr\\u00e9e Aluminium\"}},{\"type\":\"grid_item\",\"props\":{\"image\":\"wp-content\\\/uploads\\\/2025\\\/02\\\/fenetre-alu-taille-personnelle-2.jpg\",\"image_alt\":\"Fen\\u00eatre aluminium vue int\\u00e9rieure\"}}]}]},{\"type\":\"column\",\"props\":{\"image_position\":\"center-center\",\"position_sticky_breakpoint\":\"m\",\"width_medium\":\"1-3\"},\"children\":[{\"type\":\"text\",\"props\":{\"column_breakpoint\":\"m\",\"content\":\"\n\n<p><\\\/p>\\n\n\n<p><\\\/p>\\n\n\n<p><\\\/p>\\n\n\n<p><\\\/p>\\n\n\n<p><\\\/p>\\n\n\n<p><\\\/p>\\n\n\n<p><\\\/p>\\n\n\n<p><\\\/p>\\n\n\n<p><\\\/p>\\n\n\n<p><\\\/p>\\n\n\n<p><\\\/p>\\n\n\n<p><\\\/p>\\n\n\n<p><\\\/p>\",\"margin\":\"default\"}},{\"type\":\"headline\",\"props\":{\"content\":\"Nous trouvez\",\"margin\":\"large\",\"margin_remove_bottom\":true,\"title_element\":\"h3\"}},{\"type\":\"map\",\"props\":{\"controls\":false,\"dragging\":true,\"height\":\"250\",\"image_svg_color\":\"emphasis\",\"link_style\":\"default\",\"link_text\":\"Read more\",\"margin\":\"default\",\"marker_icon\":\"wp-content\\\/uploads\\\/icon-map-marker-accommodation.svg\",\"marker_icon_height\":\"38\",\"marker_icon_width\":\"38\",\"max_zoom\":18,\"meta_align\":\"below-title\",\"meta_element\":\"div\",\"meta_style\":\"text-meta\",\"min_zoom\":\"2\",\"poi\":false,\"popup_max_width\":\"300\",\"show_content\":true,\"show_image\":true,\"show_link\":true,\"show_meta\":true,\"show_title\":true,\"title_element\":\"h3\",\"title_hover_style\":\"reset\",\"title_style\":\"h5\",\"type\":\"roadmap\",\"visibility\":\"m\",\"zoom\":12,\"zooming\":true},\"children\":[{\"type\":\"map_item\",\"props\":{\"location\":\"42.43358,1.94987\",\"title\":\"Bourg-Madame\"}}],\"name\":\"Carte Cerdagne\"},{\"type\":\"text\",\"props\":{\"column_breakpoint\":\"m\",\"content\":\"\n\n<p>32 avenue des Guinguettes<br \\\/>66760 Bourg Madame<\\\/p>\",\"margin\":\"default\"}},{\"type\":\"icon\",\"props\":{\"block_align\":\"center\",\"icon\":\"more\",\"icon_width\":60,\"margin\":\"large\",\"maxwidth\":\"large\",\"position\":\"relative\",\"text_align\":\"center\",\"visibility\":\"s\"}},{\"type\":\"headline\",\"props\":{\"content\":\"\n\n<h3><em><strong>Pourquoi\\u00a0 choisir un artisan RGE ?<\\\/strong><\\\/em><\\\/h3>\",\"margin\":\"large\",\"margin_remove_bottom\":true,\"title_element\":\"div\",\"visibility\":\"m\"}},{\"type\":\"text\",\"props\":{\"column_breakpoint\":\"m\",\"content\":\"\n\n<p><em><strong>\\u00a0<\\\/strong><\\\/em>Faire appel \\u00e0 un professionnel RGE pour des travaux de r\\u00e9novation \\u00e9nerg\\u00e9tique est un gage de qualit\\u00e9. C'est une assurance que le professionnel est comp\\u00e9tent et qu'il remplit les obligations l\\u00e9gales afin que vous puissiez b\\u00e9n\\u00e9ficier d'aides de l\\u2019\\u00c9tat pour vos travaux d'isolation.<\\\/p>\",\"margin\":\"default\"}},{\"type\":\"button\",\"props\":{\"grid_column_gap\":\"small\",\"grid_row_gap\":\"small\",\"margin\":\"default\"},\"children\":[{\"type\":\"button_item\",\"props\":{\"button_style\":\"\",\"content\":\"RGE 2024-2025\",\"dialog_layout\":\"modal\",\"dialog_offcanvas_flip\":true,\"icon_align\":\"left\",\"link\":\"wp-content\\\/uploads\\\/2024\\\/04\\\/CERTIFICAT-QUALIBAT-DQ-2023_D34-Certificat-157601-E157601-4-20240321-2.pdf\",\"link_target\":\"blank\"}}]},{\"type\":\"headline\",\"props\":{\"_condition\":true,\"content\":\"\n\n<h3><em><strong>Votre menuisier<\\\/strong><\\\/em><\\\/h3>\",\"margin\":\"large\",\"margin_remove_bottom\":true,\"title_color\":\"emphasis\",\"title_element\":\"h5\",\"title_font_family\":\"default\",\"visibility\":\"m\"}},{\"type\":\"panel\",\"props\":{\"_condition\":true,\"content\":\"\n\n<p>Menuisier depuis 1998 j'ai d\\u00e9cid\\u00e9 en 2012 de me mettre \\u00e0 mon compte afin de servir au mieux mes clients et de pratiquer mon m\\u00e9tier comme j'aime le faire.<\\\/p>\\n\n\n<p>Depuis 2021 je travaille avec mes enfants pour leur transmettre mon savoir faire.<\\\/p>\\n\n\n<p>Je suis patient, minutieux, \\u00e0 l'\\u00e9coute des demandes de mes clients. Je fais mon possible pour \\u00eatre juste dans tous mes conseils, d'\\u00e9tablir des devis adapt\\u00e9s. Mon but est vraiment de servir sur mesure.<\\\/p>\\n\n\n<p>Je choisis mes fournisseurs en fonction de la qualit\\u00e9 des mat\\u00e9riaux, de leur savoir. Mes profil\\u00e9s sont tous de fabrication fran\\u00e7aise ou europ\\u00e9enne (CFTB : rep\\u00e8re de qualit\\u00e9, de performance et de fiabilit\\u00e9 des produits ou proc\\u00e9d\\u00e9s de construction).<\\\/p>\",\"content_column_breakpoint\":\"m\",\"content_margin\":\"small\",\"icon_width\":80,\"image\":\"\",\"image_align\":\"left\",\"image_border\":\"circle\",\"image_grid_breakpoint\":\"\",\"image_grid_column_gap\":\"small\",\"image_grid_width\":\"auto\",\"image_height\":\"90\",\"image_svg_color\":\"emphasis\",\"image_vertical_align\":true,\"image_width\":\"90\",\"link\":\"#\",\"link_aria_label\":\"menuiserie, carpinter\\u00eca, fusteria, menuiserie en cerdagne, carpinter\\u00eca en cerda\\u00f1a, fusteria en cerdanya, menuiserie en capcir, carpinter\\u00eca en capcir, fusteria en capcir\",\"link_style\":\"default\",\"link_text\":\"\",\"margin\":\"default\",\"meta_align\":\"below-title\",\"meta_element\":\"div\",\"meta_style\":\"text-meta\",\"panel_link\":true,\"title\":\"Juan Echevaria\",\"title_align\":\"top\",\"title_element\":\"h4\",\"title_font_family\":\"default\",\"title_grid_breakpoint\":\"m\",\"title_grid_width\":\"1-2\",\"title_hover_style\":\"reset\",\"title_style\":\"h5\",\"visibility\":\"m\"}},{\"type\":\"module_position\",\"props\":{\"breakpoint\":\"m\",\"content\":\"builder-1\",\"layout\":\"stack\"}}]}]}],\"name\":\"Accommodation\"}],\"version\":\"4.5.7\"} --><\/p>\n","protected":false},"excerpt":{"rendered":"<p>E et J Aluminium Artisan menuisier \u00e0 Bourg-Madame Menuiserie, Bois, Aluminium, PVC, Agencement Int\u00e9rieur, Ext\u00e9rieur.. Pour tous vos travaux de r\u00e9novation, de vitrage, menuiserie Aluminium, PVC, pour poser une v\u00e9randa, pour r\u00e9nover, changer vos parquets, volets etc.. Nous vous proposons un large panel de prestations mais si votre projet n&rsquo;apparait pas ici ; n&rsquo;h\u00e9sitez pas [&hellip;]<\/p>\n","protected":false},"author":2,"featured_media":0,"parent":0,"menu_order":0,"comment_status":"closed","ping_status":"closed","template":"","meta":{"footnotes":""},"class_list":["post-38","page","type-page","status-publish","hentry"],"_links":{"self":[{"href":"https:\/\/eandjaluminium.com\/index.php?rest_route=\/wp\/v2\/pages\/38","targetHints":{"allow":["GET"]}}],"collection":[{"href":"https:\/\/eandjaluminium.com\/index.php?rest_route=\/wp\/v2\/pages"}],"about":[{"href":"https:\/\/eandjaluminium.com\/index.php?rest_route=\/wp\/v2\/types\/page"}],"author":[{"embeddable":true,"href":"https:\/\/eandjaluminium.com\/index.php?rest_route=\/wp\/v2\/users\/2"}],"replies":[{"embeddable":true,"href":"https:\/\/eandjaluminium.com\/index.php?rest_route=%2Fwp%2Fv2%2Fcomments&post=38"}],"version-history":[{"count":103,"href":"https:\/\/eandjaluminium.com\/index.php?rest_route=\/wp\/v2\/pages\/38\/revisions"}],"predecessor-version":[{"id":1103,"href":"https:\/\/eandjaluminium.com\/index.php?rest_route=\/wp\/v2\/pages\/38\/revisions\/1103"}],"wp:attachment":[{"href":"https:\/\/eandjaluminium.com\/index.php?rest_route=%2Fwp%2Fv2%2Fmedia&parent=38"}],"curies":[{"name":"wp","href":"https:\/\/api.w.org\/{rel}","templated":true}]}}