{"id":164,"date":"2024-02-13T15:13:53","date_gmt":"2024-02-13T15:13:53","guid":{"rendered":"https:\/\/eandjaluminium.com\/?page_id=164"},"modified":"2025-04-01T09:11:07","modified_gmt":"2025-04-01T09:11:07","slug":"brouillon-auto-2","status":"publish","type":"page","link":"https:\/\/eandjaluminium.com\/?page_id=164","title":{"rendered":"Volets, stores, moustiquaires"},"content":{"rendered":"<div>\n<p style=\"text-align: center;\"><strong>Pour votre s\u00e9curit\u00e9, votre\u00a0 bien-\u00eatre, votre intimit\u00e9, pour faire des \u00e9conomies d&rsquo;\u00e9nergie, nous vous proposons un large choix de volets, stores, moustiquaires.<\/strong><\/p>\n<\/div>\n<ul>\n<li>\n<p>        <img decoding=\"async\" src=\"\/wp-content\/uploads\/2024\/06\/Auvent.jpg\" alt=\"Auvent , abri soleil pluie\"><\/p>\n<\/li>\n<li>\n<p>        <img decoding=\"async\" src=\"\/wp-content\/uploads\/2024\/06\/Auvent-2-1.jpg\" alt=\"\"><\/p>\n<\/li>\n<li>\n<p>        <img decoding=\"async\" src=\"\/wp-content\/uploads\/2024\/05\/toldo-scaled.jpg\" alt=\"Store, Auvent,\"><\/p>\n<\/li>\n<li>\n<p>        <img decoding=\"async\" src=\"\/wp-content\/uploads\/2025\/02\/Store-1.jpg\" alt=\"\"><\/p>\n<\/li>\n<li>\n<p>        <video src=\"\/wp-content\/uploads\/2025\/04\/avc_VID_20241119_104610-Copie.mp4\"><\/video><\/p>\n<\/li>\n<\/ul>\n<h2>Stores<\/h2>\n<div>\n<p>Pour vous prot\u00e9ger du soleil, pour votre bien-\u00eatre lors des belles journ\u00e9es d&rsquo;\u00e9t\u00e9 ; pour passer de bons moments conviviaux sans vous pr\u00e9occuper des coups de soleil !<\/p>\n<p>Votre artisan vous conseille pour le choix, la taille ad\u00e9quats.<\/p>\n<\/div>\n<hr>\n<h2>Moustiquaires<\/h2>\n<div>\n<p>Pour profiter de votre habitation sans \u00eatre envahi par toutes sortes d&rsquo;insectes, Votre menuisier vous propose un large choix de moustiquaires :<\/p>\n<ul>\n<li style=\"text-align: left;\">Moustiquaire enroulable : automatique, \u00e0 cha\u00eenes ou motoris\u00e9e (pour grandes tailles de fen\u00eatre)<\/li>\n<li style=\"text-align: left;\">Moustiquaire\u00a0 coulissante<\/li>\n<li style=\"text-align: left;\">Moustiquaire \u00e0 charni\u00e8re (pour les plus petites fen\u00eatres)<\/li>\n<\/ul>\n<\/div>\n<ul>\n<li>\n<p>        <img decoding=\"async\" src=\"\/wp-content\/uploads\/2024\/04\/01-EPID-mosquitera-ventana-autoenrollable-vertical-600x540-1.jpg\" alt=\"Moustiquaire enroulable\"><\/p>\n<\/li>\n<li>\n<p>        <img decoding=\"async\" src=\"\/wp-content\/uploads\/2024\/04\/02-EPID-mosquitera-ventana-autoenrollable-con-cadena-600x540-1.jpg\" alt=\"Moustiquaire enroulable \"><\/p>\n<\/li>\n<li>\n<p>        <img decoding=\"async\" src=\"\/wp-content\/uploads\/2024\/04\/03-EPID-mosquitera-ventana-autoenrollable-con-motor-600x540-1.jpg\" alt=\"Moustiquaire enroulable\"><\/p>\n<\/li>\n<li>\n<p>        <img decoding=\"async\" src=\"\/wp-content\/uploads\/2024\/04\/06-EPID-mosquitera-ventana-corredera-con-marco-600x540-1.jpg\" alt=\"Moustiquaire coulissante\"><\/p>\n<\/li>\n<li>\n<p>        <img decoding=\"async\" src=\"\/wp-content\/uploads\/2024\/04\/07-EPID-mosquitera-ventana-corredera-vertical-600x540-1.jpg\" alt=\"Moustiquaire coulissante\"><\/p>\n<\/li>\n<li>\n<p>        <img decoding=\"async\" src=\"\/wp-content\/uploads\/2024\/04\/07-EPID-mosquitera-ventana-practicable-600x540-1.jpg\" alt=\"Moustiquaire charni\u00e8re\"><\/p>\n<\/li>\n<\/ul>\n<hr>\n<ul>\n<li>\n<p>        <img decoding=\"async\" src=\"\/wp-content\/uploads\/2024\/06\/Volet-solaire.jpg\" alt=\"Volet roulant solaire\"><\/p>\n<\/li>\n<li>\n<p>        <img decoding=\"async\" src=\"\/wp-content\/uploads\/2024\/04\/Volet-ext.jpg\" alt=\"Volet roulant solaire\"><\/p>\n<\/li>\n<li>\n<p>        <img decoding=\"async\" src=\"\/wp-content\/uploads\/2024\/06\/Volet-roulant-blanc.jpg\" alt=\"Volet roulant blanc\"><\/p>\n<\/li>\n<li>\n<p>        <img decoding=\"async\" src=\"\/wp-content\/uploads\/2024\/04\/volet-1.jpg\" alt=\"\"><\/p>\n<\/li>\n<li>\n<p>        <img decoding=\"async\" src=\"\/wp-content\/uploads\/2024\/04\/VB-1.jpg\" alt=\"Volet en bois\"><\/p>\n<\/li>\n<li>\n<p>        <img decoding=\"async\" src=\"\/wp-content\/uploads\/2024\/04\/VB-2.jpg\" alt=\"\"><\/p>\n<\/li>\n<li>\n<p>        <img decoding=\"async\" src=\"\/wp-content\/uploads\/2024\/05\/volets-alu-.jpg\" alt=\"Volet Aluminium\"><\/p>\n<\/li>\n<li>\n<p>        <img decoding=\"async\" src=\"\/wp-content\/uploads\/2025\/02\/vol-bat-alu-2.jpg\" alt=\"Volet battant aluminium\"><\/p>\n<\/li>\n<li>\n<p>        <img decoding=\"async\" src=\"\/wp-content\/uploads\/2025\/02\/Vol-bat-alu.jpg\" alt=\"Volet Aluminium\"><\/p>\n<\/li>\n<\/ul>\n<h2>Les volets<\/h2>\n<div>\n<p style=\"text-align: left;\">Votre menuisier est l\u00e0 pour vous conseiller sur le choix de nouveaux volets mais aussi pour la r\u00e9paration.<\/p>\n<ul>\n<li style=\"text-align: left;\">Les volets \u00e0 battant en bois pour le charme, PVC pour un entretien facile<\/li>\n<li style=\"text-align: left;\">Les volets roulants, roulants solaires ou \u00e9lectriques.<\/li>\n<li style=\"text-align: left;\">Les persiennes en bois, PVC, aluminium ou acier.<\/li>\n<\/ul>\n<p style=\"text-align: left;\">Les volets sont faits sur mesure et vous avez un large choix de coloris.<\/p>\n<\/div>\n<p><!--more--><br \/>\n<!-- {\"type\":\"layout\",\"children\":[{\"name\":\"Hero\",\"type\":\"section\",\"props\":{\"image\":\"wp-content\\\/uploads\\\/2025\\\/02\\\/Store-2.jpg\",\"image_loading\":true,\"image_position\":\"center-center\",\"image_size\":\"cover\",\"media_visibility\":\"m\",\"padding\":\"xlarge\",\"padding_remove_bottom\":false,\"style\":\"default\",\"title_breakpoint\":\"xl\",\"title_position\":\"top-left\",\"title_rotation\":\"left\",\"vertical_align\":\"\",\"width\":\"xlarge\"},\"children\":[{\"type\":\"row\",\"children\":[{\"type\":\"column\",\"props\":{\"image_position\":\"center-center\",\"position_sticky_breakpoint\":\"m\",\"width_medium\":\"1-1\"}}]}]},{\"type\":\"section\",\"props\":{\"image_position\":\"center-center\",\"style\":\"default\",\"title_breakpoint\":\"xl\",\"title_position\":\"top-left\",\"title_rotation\":\"left\",\"vertical_align\":\"middle\",\"width\":\"default\"},\"children\":[{\"type\":\"row\",\"children\":[{\"type\":\"column\",\"props\":{\"image_position\":\"center-center\",\"position_sticky_breakpoint\":\"m\"},\"children\":[{\"type\":\"text\",\"props\":{\"column_breakpoint\":\"m\",\"content\":\"\n\n<p style=\\\"text-align: center;\\\"><strong>Pour votre s\\u00e9curit\\u00e9, votre\\u00a0 bien-\\u00eatre, votre intimit\\u00e9, pour faire des \\u00e9conomies d'\\u00e9nergie, nous vous proposons un large choix de volets, stores, moustiquaires.<\\\/strong><\\\/p>\",\"dropcap\":false,\"margin\":\"default\",\"text_color\":\"emphasis\",\"text_style\":\"large\"}}]}]}]},{\"type\":\"section\",\"props\":{\"animation\":\"scale-up\",\"animation_delay\":\"0\",\"image_position\":\"center-center\",\"padding\":\"large\",\"padding_remove_bottom\":true,\"padding_remove_top\":false,\"style\":\"default\",\"title_breakpoint\":\"xl\",\"title_position\":\"top-left\",\"title_rotation\":\"left\",\"vertical_align\":\"\",\"width\":\"large\"},\"children\":[{\"type\":\"row\",\"props\":{\"column_gap\":\"large\",\"layout\":\"2-3,1-3\",\"row_gap\":\"large\"},\"children\":[{\"type\":\"column\",\"props\":{\"image_position\":\"center-center\",\"position_sticky_breakpoint\":\"m\",\"vertical_align\":\"middle\",\"width_medium\":\"2-3\"},\"children\":[{\"type\":\"gallery\",\"props\":{\"filter\":false,\"filter_align\":\"left\",\"filter_all\":true,\"filter_animation\":\"false\",\"filter_grid_breakpoint\":\"m\",\"filter_grid_width\":\"auto\",\"filter_position\":\"top\",\"filter_style\":\"subnav\",\"grid_default\":\"1\",\"grid_medium\":\"3\",\"grid_parallax_justify\":false,\"image_height\":\"800\",\"image_orientation\":false,\"image_transition\":\"scale-down\",\"image_width\":\"1000\",\"item_animation\":false,\"lightbox\":true,\"lightbox_bg_close\":true,\"lightbox_image_orientation\":true,\"link_margin\":\"small\",\"link_size\":\"small\",\"link_style\":\"text\",\"link_text\":\"Loupe\",\"link_transition\":\"scale-up\",\"margin\":\"default\",\"meta_align\":\"below-title\",\"meta_element\":\"div\",\"meta_style\":\"text-meta\",\"overlay_hover\":true,\"overlay_link\":false,\"overlay_mode\":\"cover\",\"overlay_position\":\"center\",\"overlay_style\":\"tile-default\",\"overlay_transition\":\"fade\",\"overlay_transition_background\":true,\"position\":\"relative\",\"show_content\":true,\"show_hover_image\":true,\"show_hover_video\":true,\"show_link\":true,\"show_meta\":true,\"show_title\":true,\"text_align\":\"center\",\"text_color\":\"light\",\"text_color_hover\":true,\"title_element\":\"h3\",\"title_hover_style\":\"reset\",\"title_link\":false},\"children\":[{\"type\":\"gallery_item\",\"props\":{\"image\":\"wp-content\\\/uploads\\\/2024\\\/06\\\/Auvent.jpg\",\"image_alt\":\"Auvent , abri soleil pluie\",\"tags\":\"Store, auvent, intimit\\u00e9, protection\"}},{\"type\":\"gallery_item\",\"props\":{\"image\":\"wp-content\\\/uploads\\\/2024\\\/06\\\/Auvent-2-1.jpg\"}},{\"type\":\"gallery_item\",\"props\":{\"image\":\"wp-content\\\/uploads\\\/2024\\\/05\\\/toldo-scaled.jpg\",\"image_alt\":\"Store, Auvent,\"}},{\"type\":\"gallery_item\",\"props\":{\"image\":\"wp-content\\\/uploads\\\/2025\\\/02\\\/Store-1.jpg\"}},{\"type\":\"gallery_item\",\"props\":{\"tags\":\"store, bien \\u00eatre, soleil, convivialit\\u00e9, abri, terrasse\",\"video\":\"wp-content\\\/uploads\\\/2025\\\/04\\\/avc_VID_20241119_104610-Copie.mp4\"}}],\"name\":\"Store, Auvent\"}]},{\"type\":\"column\",\"props\":{\"image_position\":\"center-center\",\"position_sticky_breakpoint\":\"m\",\"vertical_align\":\"middle\",\"width_medium\":\"1-3\"},\"children\":[{\"type\":\"divider\",\"props\":{\"animation\":\"none\",\"divider_align\":\"left\",\"divider_align_breakpoint\":\"l\",\"divider_align_fallback\":\"center\",\"divider_element\":\"div\",\"divider_style\":\"small\",\"parallax_x\":\"150,0\"}},{\"type\":\"headline\",\"props\":{\"animation\":\"parallax\",\"content\":\"Stores\",\"margin_remove_top\":true,\"parallax_breakpoint\":\"m\",\"parallax_easing\":\"1\",\"parallax_end\":\"60vh + 60%\",\"parallax_opacity\":\"0.3,1\",\"parallax_y\":\"30,0\",\"text_align\":\"left\",\"text_align_breakpoint\":\"l\",\"text_align_fallback\":\"center\",\"title_element\":\"h2\",\"title_style\":\"heading-small\"}},{\"type\":\"text\",\"props\":{\"animation\":\"none\",\"block_align_breakpoint\":\"l\",\"block_align_fallback\":\"center\",\"column_breakpoint\":\"m\",\"content\":\"\n\n<p>Pour vous prot\\u00e9ger du soleil, pour votre bien-\\u00eatre lors des belles journ\\u00e9es d'\\u00e9t\\u00e9 ; pour passer de bons moments conviviaux sans vous pr\\u00e9occuper des coups de soleil !<\\\/p>\\n\n\n<p>Votre artisan vous conseille pour le choix, la taille ad\\u00e9quats.<\\\/p>\",\"margin\":\"medium\",\"margin_remove_top\":false,\"maxwidth\":\"xlarge\",\"maxwidth_breakpoint\":\"m\",\"parallax_easing\":\"0.3\",\"parallax_x\":\"150,0\",\"text_align\":\"left\",\"text_align_breakpoint\":\"l\",\"text_align_fallback\":\"center\"}}]}]}],\"name\":\"Stores auvent\"},{\"type\":\"section\",\"props\":{\"image_position\":\"center-center\",\"style\":\"default\",\"title_breakpoint\":\"xl\",\"title_position\":\"top-left\",\"title_rotation\":\"left\",\"vertical_align\":\"\",\"width\":\"default\"},\"children\":[{\"type\":\"row\",\"children\":[{\"type\":\"column\",\"props\":{\"image_position\":\"center-center\",\"position_sticky_breakpoint\":\"m\"},\"children\":[{\"type\":\"divider\",\"props\":{\"divider_element\":\"hr\"}}]}]}]},{\"type\":\"section\",\"props\":{\"image_position\":\"center-center\",\"padding\":\"large\",\"padding_remove_bottom\":true,\"padding_remove_top\":false,\"style\":\"default\",\"title_breakpoint\":\"xl\",\"title_position\":\"top-left\",\"title_rotation\":\"left\",\"vertical_align\":\"\",\"width\":\"large\",\"width_expand\":\"right\"},\"children\":[{\"type\":\"row\",\"props\":{\"column_gap\":\"large\",\"layout\":\"1-3,2-3\",\"row_gap\":\"large\"},\"children\":[{\"type\":\"column\",\"props\":{\"image_position\":\"center-center\",\"position_sticky_breakpoint\":\"m\",\"vertical_align\":\"middle\",\"width_medium\":\"1-3\"},\"children\":[{\"type\":\"divider\",\"props\":{\"animation\":\"none\",\"divider_align\":\"left\",\"divider_align_breakpoint\":\"l\",\"divider_align_fallback\":\"center\",\"divider_element\":\"div\",\"divider_style\":\"small\",\"parallax_x\":\"150,0\"}},{\"type\":\"headline\",\"props\":{\"animation\":\"parallax\",\"content\":\"Moustiquaires\",\"margin_remove_top\":true,\"parallax_breakpoint\":\"m\",\"parallax_easing\":\"1\",\"parallax_end\":\"60vh + 60%\",\"parallax_opacity\":\"0.3,1\",\"parallax_y\":\"30,0\",\"text_align\":\"left\",\"text_align_breakpoint\":\"l\",\"text_align_fallback\":\"center\",\"title_element\":\"h2\",\"title_style\":\"heading-small\"}},{\"type\":\"text\",\"props\":{\"block_align_breakpoint\":\"l\",\"block_align_fallback\":\"center\",\"column_breakpoint\":\"m\",\"content\":\"\n\n<p>Pour profiter de votre habitation sans \\u00eatre envahi par toutes sortes d'insectes, Votre menuisier vous propose un large choix de moustiquaires :<\\\/p>\\n\n\n<ul>\\n\n\n<li style=\\\"text-align: left;\\\">Moustiquaire enroulable : automatique, \\u00e0 cha\\u00eenes ou motoris\\u00e9e (pour grandes tailles de fen\\u00eatre)<\\\/li>\\n\n\n<li style=\\\"text-align: left;\\\">Moustiquaire\\u00a0 coulissante<\\\/li>\\n\n\n<li style=\\\"text-align: left;\\\">Moustiquaire \\u00e0 charni\\u00e8re (pour les plus petites fen\\u00eatres)<\\\/li>\\n<\\\/ul>\",\"margin\":\"medium\",\"margin_remove_top\":false,\"maxwidth\":\"xlarge\",\"maxwidth_breakpoint\":\"m\",\"parallax_breakpoint\":\"m\",\"parallax_easing\":\"0.3\",\"parallax_end\":\"50vh + 50%\",\"parallax_opacity\":\"0.7,1\",\"parallax_x\":\"-150,0\",\"text_align\":\"left\",\"text_align_breakpoint\":\"l\",\"text_align_fallback\":\"center\"}}]},{\"type\":\"column\",\"props\":{\"image_position\":\"center-center\",\"position_sticky_breakpoint\":\"m\",\"vertical_align\":\"middle\",\"width_medium\":\"2-3\"},\"children\":[{\"type\":\"gallery\",\"props\":{\"filter_align\":\"left\",\"filter_all\":true,\"filter_grid_breakpoint\":\"m\",\"filter_grid_width\":\"auto\",\"filter_position\":\"top\",\"filter_style\":\"tab\",\"grid_default\":\"1\",\"grid_medium\":\"3\",\"image_height\":\"300\",\"image_width\":\"300\",\"item_animation\":true,\"lightbox_bg_close\":true,\"link_style\":\"default\",\"link_text\":\"Read more\",\"margin\":\"default\",\"meta_align\":\"below-title\",\"meta_element\":\"div\",\"meta_style\":\"text-meta\",\"overlay_hover\":true,\"overlay_mode\":\"cover\",\"overlay_position\":\"center\",\"overlay_style\":\"overlay-primary\",\"overlay_transition\":\"fade\",\"show_content\":true,\"show_hover_image\":true,\"show_hover_video\":true,\"show_link\":true,\"show_meta\":true,\"show_title\":true,\"text_align\":\"center\",\"text_color\":\"light\",\"title_element\":\"h3\",\"title_hover_style\":\"reset\"},\"children\":[{\"type\":\"gallery_item\",\"props\":{\"image\":\"wp-content\\\/uploads\\\/2024\\\/04\\\/01-EPID-mosquitera-ventana-autoenrollable-vertical-600x540-1.jpg\",\"image_alt\":\"Moustiquaire enroulable\"}},{\"type\":\"gallery_item\",\"props\":{\"image\":\"wp-content\\\/uploads\\\/2024\\\/04\\\/02-EPID-mosquitera-ventana-autoenrollable-con-cadena-600x540-1.jpg\",\"image_alt\":\"Moustiquaire enroulable \"}},{\"type\":\"gallery_item\",\"props\":{\"image\":\"wp-content\\\/uploads\\\/2024\\\/04\\\/03-EPID-mosquitera-ventana-autoenrollable-con-motor-600x540-1.jpg\",\"image_alt\":\"Moustiquaire enroulable\",\"tags\":\"moustiquaires, mosquiteras, mosquiteres\"}},{\"type\":\"gallery_item\",\"props\":{\"image\":\"wp-content\\\/uploads\\\/2024\\\/04\\\/06-EPID-mosquitera-ventana-corredera-con-marco-600x540-1.jpg\",\"image_alt\":\"Moustiquaire coulissante\"}},{\"type\":\"gallery_item\",\"props\":{\"image\":\"wp-content\\\/uploads\\\/2024\\\/04\\\/07-EPID-mosquitera-ventana-corredera-vertical-600x540-1.jpg\",\"image_alt\":\"Moustiquaire coulissante\"}},{\"type\":\"gallery_item\",\"props\":{\"image\":\"wp-content\\\/uploads\\\/2024\\\/04\\\/07-EPID-mosquitera-ventana-practicable-600x540-1.jpg\",\"image_alt\":\"Moustiquaire charni\\u00e8re\"}}]}]}]}],\"name\":\"Moustiquaire\"},{\"type\":\"section\",\"props\":{\"image_position\":\"center-center\",\"style\":\"default\",\"title_breakpoint\":\"xl\",\"title_position\":\"top-left\",\"title_rotation\":\"left\",\"vertical_align\":\"\",\"width\":\"default\"},\"children\":[{\"type\":\"row\",\"children\":[{\"type\":\"column\",\"props\":{\"image_position\":\"center-center\",\"position_sticky_breakpoint\":\"m\"},\"children\":[{\"type\":\"divider\",\"props\":{\"divider_element\":\"hr\"}}]}]}]},{\"type\":\"section\",\"props\":{\"image_position\":\"center-center\",\"padding\":\"none\",\"padding_remove_bottom\":false,\"padding_remove_top\":false,\"style\":\"default\",\"title_breakpoint\":\"xl\",\"title_position\":\"top-left\",\"title_rotation\":\"left\",\"vertical_align\":\"\",\"width\":\"large\",\"width_expand\":\"left\"},\"children\":[{\"type\":\"row\",\"props\":{\"column_gap\":\"large\",\"layout\":\"2-3,1-3\",\"row_gap\":\"large\"},\"children\":[{\"type\":\"column\",\"props\":{\"image_position\":\"center-center\",\"position_sticky_breakpoint\":\"m\",\"vertical_align\":\"middle\",\"width_medium\":\"2-3\"},\"children\":[{\"type\":\"gallery\",\"props\":{\"filter_align\":\"left\",\"filter_all\":true,\"filter_grid_breakpoint\":\"m\",\"filter_grid_width\":\"auto\",\"filter_position\":\"top\",\"filter_style\":\"tab\",\"grid_default\":\"1\",\"grid_masonry\":\"pack\",\"grid_medium\":\"3\",\"grid_parallax\":\"0\",\"grid_parallax_justify\":true,\"image_height\":\"250\",\"image_transition\":\"scale-down\",\"image_transition_border\":false,\"image_width\":\"250\",\"item_animation\":true,\"lightbox\":true,\"lightbox_bg_close\":true,\"link_style\":\"default\",\"link_text\":\"loupe\",\"margin\":\"default\",\"meta_align\":\"below-title\",\"meta_element\":\"div\",\"meta_style\":\"text-meta\",\"overlay_hover\":true,\"overlay_mode\":\"cover\",\"overlay_position\":\"center\",\"overlay_style\":\"overlay-primary\",\"overlay_transition\":\"fade\",\"show_content\":true,\"show_hover_image\":true,\"show_hover_video\":true,\"show_link\":true,\"show_meta\":true,\"show_title\":true,\"text_align\":\"center\",\"text_color\":\"light\",\"title_element\":\"h3\",\"title_hover_style\":\"reset\"},\"children\":[{\"type\":\"gallery_item\",\"props\":{\"image\":\"wp-content\\\/uploads\\\/2024\\\/06\\\/Volet-solaire.jpg\",\"image_alt\":\"Volet roulant solaire\"}},{\"type\":\"gallery_item\",\"props\":{\"image\":\"wp-content\\\/uploads\\\/2024\\\/04\\\/Volet-ext.jpg\",\"image_alt\":\"Volet roulant solaire\"}},{\"type\":\"gallery_item\",\"props\":{\"image\":\"wp-content\\\/uploads\\\/2024\\\/06\\\/Volet-roulant-blanc.jpg\",\"image_alt\":\"Volet roulant blanc\"}},{\"type\":\"gallery_item\",\"props\":{\"image\":\"wp-content\\\/uploads\\\/2024\\\/04\\\/volet-1.jpg\",\"tags\":\"volet roulant , persiana, volet roulant manuel, persiana manual, persiana manual, volet roulant motoris\\u00e9, persiana a motor, persiana a motor, isolation fen\\u00eatre, aislamiento ventana, a\\u00efllament finestra\"}},{\"type\":\"gallery_item\",\"props\":{\"image\":\"wp-content\\\/uploads\\\/2024\\\/04\\\/VB-1.jpg\",\"image_alt\":\"Volet en bois\"}},{\"type\":\"gallery_item\",\"props\":{\"image\":\"wp-content\\\/uploads\\\/2024\\\/04\\\/VB-2.jpg\"}},{\"type\":\"gallery_item\",\"props\":{\"image\":\"wp-content\\\/uploads\\\/2024\\\/05\\\/volets-alu-.jpg\",\"image_alt\":\"Volet Aluminium\"}},{\"type\":\"gallery_item\",\"props\":{\"image\":\"wp-content\\\/uploads\\\/2025\\\/02\\\/vol-bat-alu-2.jpg\",\"image_alt\":\"Volet battant aluminium\"}},{\"type\":\"gallery_item\",\"props\":{\"image\":\"wp-content\\\/uploads\\\/2025\\\/02\\\/Vol-bat-alu.jpg\",\"image_alt\":\"Volet Aluminium\"}}]}]},{\"type\":\"column\",\"props\":{\"image_position\":\"center-center\",\"position_sticky_breakpoint\":\"m\",\"vertical_align\":\"middle\",\"width_medium\":\"1-3\"},\"children\":[{\"type\":\"divider\",\"props\":{\"animation\":\"none\",\"divider_align\":\"left\",\"divider_align_breakpoint\":\"l\",\"divider_align_fallback\":\"center\",\"divider_element\":\"div\",\"divider_style\":\"small\",\"parallax_x\":\"150,0\"}},{\"type\":\"headline\",\"props\":{\"animation\":\"none\",\"content\":\"Les volets\",\"margin_remove_top\":true,\"parallax_end\":\"60vh + 60%\",\"parallax_y\":\"0,-50\",\"text_align\":\"left\",\"text_align_breakpoint\":\"l\",\"text_align_fallback\":\"center\",\"title_element\":\"h2\",\"title_style\":\"h3\"}},{\"type\":\"text\",\"props\":{\"animation\":\"none\",\"block_align_breakpoint\":\"l\",\"block_align_fallback\":\"center\",\"column_breakpoint\":\"m\",\"content\":\"\n\n<p style=\\\"text-align: left;\\\">Votre menuisier est l\\u00e0 pour vous conseiller sur le choix de nouveaux volets mais aussi pour la r\\u00e9paration.<\\\/p>\\n\n\n<ul>\\n\n\n<li style=\\\"text-align: left;\\\">Les volets \\u00e0 battant en bois pour le charme, PVC pour un entretien facile<\\\/li>\\n\n\n<li style=\\\"text-align: left;\\\">Les volets roulants, roulants solaires ou \\u00e9lectriques.<\\\/li>\\n\n\n<li style=\\\"text-align: left;\\\">Les persiennes en bois, PVC, aluminium ou acier.<\\\/li>\\n<\\\/ul>\\n\n\n<p style=\\\"text-align: left;\\\">Les volets sont faits sur mesure et vous avez un large choix de coloris.<\\\/p>\",\"margin\":\"medium\",\"margin_remove_top\":false,\"maxwidth\":\"xlarge\",\"maxwidth_breakpoint\":\"m\",\"parallax_easing\":\"0.3\",\"parallax_x\":\"150,0\",\"text_align\":\"left\",\"text_align_breakpoint\":\"l\",\"text_align_fallback\":\"center\"}}]}]}],\"name\":\"Volets\"}],\"version\":\"4.5.11\"} --><\/p>\n","protected":false},"excerpt":{"rendered":"<p>Pour votre s\u00e9curit\u00e9, votre\u00a0 bien-\u00eatre, votre intimit\u00e9, pour faire des \u00e9conomies d&rsquo;\u00e9nergie, nous vous proposons un large choix de volets, stores, moustiquaires. Stores Pour vous prot\u00e9ger du soleil, pour votre bien-\u00eatre lors des belles journ\u00e9es d&rsquo;\u00e9t\u00e9 ; pour passer de bons moments conviviaux sans vous pr\u00e9occuper des coups de soleil ! Votre artisan vous conseille [&hellip;]<\/p>\n","protected":false},"author":2,"featured_media":0,"parent":0,"menu_order":0,"comment_status":"closed","ping_status":"closed","template":"","meta":{"footnotes":""},"class_list":["post-164","page","type-page","status-publish","hentry"],"_links":{"self":[{"href":"https:\/\/eandjaluminium.com\/index.php?rest_route=\/wp\/v2\/pages\/164","targetHints":{"allow":["GET"]}}],"collection":[{"href":"https:\/\/eandjaluminium.com\/index.php?rest_route=\/wp\/v2\/pages"}],"about":[{"href":"https:\/\/eandjaluminium.com\/index.php?rest_route=\/wp\/v2\/types\/page"}],"author":[{"embeddable":true,"href":"https:\/\/eandjaluminium.com\/index.php?rest_route=\/wp\/v2\/users\/2"}],"replies":[{"embeddable":true,"href":"https:\/\/eandjaluminium.com\/index.php?rest_route=%2Fwp%2Fv2%2Fcomments&post=164"}],"version-history":[{"count":91,"href":"https:\/\/eandjaluminium.com\/index.php?rest_route=\/wp\/v2\/pages\/164\/revisions"}],"predecessor-version":[{"id":1114,"href":"https:\/\/eandjaluminium.com\/index.php?rest_route=\/wp\/v2\/pages\/164\/revisions\/1114"}],"wp:attachment":[{"href":"https:\/\/eandjaluminium.com\/index.php?rest_route=%2Fwp%2Fv2%2Fmedia&parent=164"}],"curies":[{"name":"wp","href":"https:\/\/api.w.org\/{rel}","templated":true}]}}