{"id":152,"date":"2024-02-13T14:41:30","date_gmt":"2024-02-13T14:41:30","guid":{"rendered":"https:\/\/eandjaluminium.com\/?page_id=152"},"modified":"2025-02-28T10:10:08","modified_gmt":"2025-02-28T10:10:08","slug":"brouillon-auto","status":"publish","type":"page","link":"https:\/\/eandjaluminium.com\/?page_id=152","title":{"rendered":"Fen\u00eatres"},"content":{"rendered":"<h1>Les fen\u00eatres<\/h1>\n<hr>\n<div>\n<p>Vous souhaitez r\u00e9nover\u00a0 ou changer vos fen\u00eatres, pour gagner en luminosit\u00e9, s\u00e9curit\u00e9, confort acoustique, \u00e9conomie d&rsquo;\u00e9nergie.<\/p>\n<p>Votre artisan est \u00e0 votre disposition pour vous conseiller, vous guider, dans les diff\u00e9rents choix qui s&rsquo;offrent \u00e0 vous.<\/p>\n<\/div>\n<p><img decoding=\"async\" src=\"\/wp-content\/uploads\/2024\/03\/Cerdagne-fenetre.ronde_.png\" alt=\"\"><\/p>\n<hr>\n<ul>\n<li>\n<p>        <img decoding=\"async\" src=\"\/wp-content\/uploads\/2024\/02\/alu-1.jpg\" alt=\"Fen\u00eatre Aluminium Baie vitr\u00e9e, sur mesure\"><\/p>\n<\/li>\n<li>\n<p>        <img decoding=\"async\" src=\"\/wp-content\/uploads\/2024\/02\/alu-4-scaled.jpg\" alt=\"Fen\u00eatre Aluminium Baie vitr\u00e9e, sur mesure\"><\/p>\n<\/li>\n<li>\n<p>        <img decoding=\"async\" src=\"\/wp-content\/uploads\/2024\/02\/alu-6-11.jpg\" alt=\"Fen\u00eatre aluminium, baie vitr\u00e9e, coulissante, trap\u00e8ze\"><\/p>\n<\/li>\n<li>\n<p>        <img decoding=\"async\" src=\"\/wp-content\/uploads\/2024\/02\/copie-0_DSCN0072-Copie.jpg\" alt=\"\"><\/p>\n<\/li>\n<li>\n<p>        <img decoding=\"async\" src=\"\/wp-content\/uploads\/2025\/02\/fenetre-alu-taille-personnelle.jpg\" alt=\"fen\u00eatre aluminium vue exterieure\"><\/p>\n<\/li>\n<li>\n<p>        <img decoding=\"async\" src=\"\/wp-content\/uploads\/2025\/02\/fenetre-alu-taille-personnelle-2.jpg\" alt=\"Fen\u00eatre aluminium vue int\u00e9rieure\"><\/p>\n<\/li>\n<li>\n<p>        <img decoding=\"async\" src=\"\/wp-content\/uploads\/2024\/02\/o-b-.jpg\" alt=\"Fen\u00eatre oscillo battante PVC\"><\/p>\n<\/li>\n<li>\n<p>        <img decoding=\"async\" src=\"\/wp-content\/uploads\/2024\/02\/o-b-1-2.jpg\" alt=\"Fen\u00eatre PVC oscillo battante sur mesure ouverte\"><\/p>\n<\/li>\n<li>\n<p>        <img decoding=\"async\" src=\"\/wp-content\/uploads\/2024\/03\/baie-vitree-1-scaled.jpg\" alt=\"baie vitr\u00e9e Alu\"><\/p>\n<\/li>\n<\/ul>\n<h2>Fen\u00eatre en Aluminium<\/h2>\n<div>\n<div><span>L&rsquo;aluminium est naturellement l&rsquo;un des mat\u00e9riaux les plus respectueux de l&rsquo;environnement. R\u00e9sistant, l\u00e9ger, mall\u00e9able et 100 % recyclable.<br \/><\/span><\/div>\n<div><span>Ce mat\u00e9riau moderne et contemporain allie r\u00e9sistance, mall\u00e9abilit\u00e9, l\u00e9g\u00e8ret\u00e9 et finesse. \u00a0C&rsquo;est donc un avantage certain dans le gain de luminosit\u00e9 et de clart\u00e9.<\/span><\/div>\n<div><span>La menuiserie aluminium s&rsquo;int\u00e8gre aujourd&rsquo;hui dans l&rsquo;\u00e9volution des \u00a0normes constructives \u00e9cologiques, <br \/><\/span><\/div>\n<div><span>L&rsquo;aluminium est id\u00e9al pour vos grandes baies coulissantes.<\/span><\/div>\n<\/div>\n<div>\n<h3>Gamme :<\/h3>\n<div>\n<p>Fen\u00eatre, baie vitr\u00e9e, v\u00e9randa , sur mesure, coulissante, oscillo battante&#8230;<\/p>\n<\/div>\n<\/div>\n<hr>\n<ul>\n<li>\n<p>        <img decoding=\"async\" src=\"\/wp-content\/uploads\/2024\/06\/pvc-1.jpg\" alt=\"Fen\u00eatres en PVC, \"><\/p>\n<\/li>\n<li>\n<p>        <img decoding=\"async\" src=\"\/wp-content\/uploads\/2024\/06\/pvc-3.jpg\" alt=\"Veranda PVC\"><\/p>\n<\/li>\n<li>\n<p>        <img decoding=\"async\" src=\"\/wp-content\/uploads\/2024\/04\/fenetre-PVC-1.jpg\" alt=\"Fen\u00eatre PVC 2 vantaux dont 1 oscillo battant\"><\/p>\n<\/li>\n<li>\n<p>        <img decoding=\"async\" src=\"\/wp-content\/uploads\/2024\/04\/PVC-1.jpg\" alt=\"Fen\u00eatre PVC 2 vantaux dont 1 oscillo battant\"><\/p>\n<\/li>\n<\/ul>\n<h2>Fen\u00eatre PVC<\/h2>\n<div>\n<div><span>LE PVC est une mati\u00e8re isolante, qui n&rsquo;a pas de contrainte d&rsquo;entretien. Il est r\u00e9sistant, inalt\u00e9rable et peut s&rsquo;adapter \u00e0 toutes les formes de fen\u00eatres ( trap\u00e8ze&#8230;)<\/span><\/div>\n<div><span>Son prix reste abordable et gr\u00e2ce \u00e0 des fen\u00eatres en PVC vous profiterez d&rsquo;une isolation tant thermique qu&rsquo;acoustique.<\/span><\/div>\n<div><span>L&rsquo;objectif principal \u00e9tant de r\u00e9duire la consommation \u00e9nerg\u00e9tique.<\/span><\/div>\n<div><span>En installant des fen\u00eatre en PVC vous serez en conformit\u00e9 avec les normes impos\u00e9es par la RT2012.<\/span><\/div>\n<\/div>\n<div>\n<h3>Gammes<\/h3>\n<div>\n<p>Fen\u00eatre, baie vitr\u00e9e, v\u00e9randa , sur mesure, coulissante, oscillo battante&#8230;<\/p>\n<\/div>\n<\/div>\n<hr>\n<hr>\n<p><img decoding=\"async\" src=\"\/wp-content\/uploads\/2024\/02\/Fb-r-2.jpg\" alt=\"Fen\u00eatre en bois sur mesure, double vitrage, triple vitrage\"><br \/>\n<img decoding=\"async\" src=\"\/wp-content\/uploads\/2024\/02\/Fb-r3.jpg\" alt=\"\"><\/p>\n<h2>Fen\u00eatre bois<\/h2>\n<div>\n<div>\n<div><span>La menuiserie en bois apporte de l&rsquo;authenticit\u00e9 et du charme bien qu&rsquo;elle soit plus on\u00e9reuse.<\/span><\/div>\n<div>\n<div><\/div>\n<div><span>Le bois est :<\/span><\/div>\n<ul>\n<li><span>naturel et chaleureux,<\/span><\/li>\n<li><span>il<\/span><span> offre une excellente isolation thermique,<\/span><\/li>\n<li><span>il est r\u00e9sistant,<\/span><\/li>\n<li><span>il offre un vaste choix de mod\u00e8les et de coloris.<\/span><\/li>\n<\/ul>\n<div><span>Un autre avantage du bois c&rsquo;est qu&rsquo; il est tout \u00e0 fait possible de r\u00e9nover ce type de volets ou de changer leurs couleurs.<\/span><\/div>\n<\/div>\n<\/div>\n<div>\n<div><\/div>\n<\/div>\n<\/div>\n<hr>\n<p><img decoding=\"async\" src=\"\/wp-content\/uploads\/2024\/02\/Fb-redem.jpg\" alt=\"Fen\u00eatre en bois sur mesure, double vitrage, triple vitrage\"><\/p>\n<p><!--more--><br \/>\n<!-- {\"type\":\"layout\",\"children\":[{\"name\":\"Tagline\",\"type\":\"section\",\"props\":{\"animation\":\"scale-up\",\"header_transparent\":false,\"image_position\":\"center-center\",\"image_size\":\"cover\",\"overlap\":true,\"padding\":\"large\",\"style\":\"default\",\"title_breakpoint\":\"xl\",\"title_position\":\"top-left\",\"title_rotation\":\"left\",\"vertical_align\":\"\",\"width\":\"default\"},\"children\":[{\"type\":\"row\",\"children\":[{\"type\":\"column\",\"props\":{\"image_position\":\"center-center\",\"position_sticky_breakpoint\":\"m\",\"width_medium\":\"1-2\"},\"children\":[{\"type\":\"headline\",\"props\":{\"block_align\":\"center\",\"content\":\"Les fen\\u00eatres\",\"maxwidth\":\"xlarge\",\"position_top\":\"50\",\"text_align\":\"center\",\"title_element\":\"h1\",\"title_style\":\"h2\"}},{\"type\":\"divider\",\"props\":{\"divider_element\":\"hr\"}},{\"type\":\"text\",\"props\":{\"column_breakpoint\":\"m\",\"content\":\"\n\n<p>Vous souhaitez r\\u00e9nover\\u00a0 ou changer vos fen\\u00eatres, pour gagner en luminosit\\u00e9, s\\u00e9curit\\u00e9, confort acoustique, \\u00e9conomie d'\\u00e9nergie.<br \\\/><br \\\/>Votre artisan est \\u00e0 votre disposition pour vous conseiller, vous guider, dans les diff\\u00e9rents choix qui s'offrent \\u00e0 vous.<\\\/p>\",\"margin\":\"default\",\"text_style\":\"lead\"}}]},{\"type\":\"column\",\"props\":{\"image_position\":\"center-center\",\"position_sticky_breakpoint\":\"m\",\"width_medium\":\"1-2\"},\"children\":[{\"type\":\"image\",\"props\":{\"animation\":\"parallax\",\"image\":\"wp-content\\\/uploads\\\/2024\\\/03\\\/Cerdagne-fenetre.ronde_.png\",\"image_border\":\"circle\",\"image_loading\":true,\"image_svg_color\":\"\",\"image_svg_inline\":true,\"image_width\":350,\"margin\":\"default\",\"parallax_rotate\":\"00\",\"parallax_x\":\"-150 53%\",\"parallax_y\":\"00 0%\",\"position\":\"relative\",\"position_left\":\"300\",\"position_top\":\"00\",\"visibility\":\"m\"}}]}],\"props\":{\"layout\":\"1-2,1-2\"}}]},{\"type\":\"section\",\"props\":{\"height\":\"viewport\",\"height_offset_top\":true,\"image\":\"wp-content\\\/uploads\\\/2024\\\/02\\\/alu-9-1.jpg\",\"image_effect\":\"fixed\",\"image_position\":\"center-center\",\"image_size\":\"cover\",\"image_width\":2560,\"style\":\"default\",\"title_breakpoint\":\"xl\",\"title_position\":\"top-left\",\"title_rotation\":\"left\",\"vertical_align\":\"middle\",\"width\":\"default\"},\"children\":[{\"type\":\"row\",\"children\":[{\"type\":\"column\",\"props\":{\"image_position\":\"center-center\",\"position_sticky_breakpoint\":\"m\"}}]}]},{\"type\":\"section\",\"props\":{\"image_position\":\"center-center\",\"style\":\"default\",\"title_breakpoint\":\"xl\",\"title_position\":\"top-left\",\"title_rotation\":\"left\",\"vertical_align\":\"\",\"width\":\"default\"},\"children\":[{\"type\":\"row\",\"children\":[{\"type\":\"column\",\"props\":{\"image_position\":\"center-center\",\"position_sticky_breakpoint\":\"m\"},\"children\":[{\"type\":\"divider\",\"props\":{\"divider_element\":\"hr\"}}]}]}]},{\"name\":\"Fen\\u00eatre en Aluminium\",\"type\":\"section\",\"props\":{\"image_position\":\"center-center\",\"image_size\":\"cover\",\"padding\":\"large\",\"padding_remove_top\":true,\"style\":\"default\",\"title_breakpoint\":\"xl\",\"title_position\":\"top-left\",\"title_rotation\":\"left\",\"vertical_align\":\"\",\"width\":\"default\"},\"children\":[{\"type\":\"row\",\"props\":{\"column_gap\":\"large\",\"layout\":\"1-2,1-2\",\"row_gap\":\"large\"},\"children\":[{\"type\":\"column\",\"props\":{\"image_position\":\"center-center\",\"position_sticky_breakpoint\":\"m\",\"width_medium\":\"1-2\"},\"children\":[{\"type\":\"slideshow\",\"props\":{\"image_height\":\"auto\",\"image_loading\":false,\"image_width\":\"auto\",\"link_style\":\"default\",\"link_text\":\"Read more\",\"margin\":\"default\",\"meta_align\":\"below-title\",\"meta_element\":\"div\",\"meta_style\":\"text-meta\",\"nav\":\"dotnav\",\"nav_align\":\"center\",\"nav_below\":true,\"nav_breakpoint\":\"s\",\"nav_position\":\"bottom-center\",\"nav_position_margin\":\"medium\",\"overlay_animation\":\"parallax\",\"overlay_position\":\"center-left\",\"show_content\":true,\"show_link\":true,\"show_meta\":true,\"show_thumbnail\":true,\"show_title\":true,\"slidenav\":\"default\",\"slidenav_breakpoint\":\"s\",\"slidenav_large\":false,\"slidenav_margin\":\"medium\",\"slidenav_outside_breakpoint\":\"xl\",\"slideshow_animation\":\"pull\",\"slideshow_autoplay\":true,\"slideshow_autoplay_interval\":\"10\",\"slideshow_autoplay_pause\":true,\"slideshow_height\":\"viewport\",\"slideshow_height_offset_top\":true,\"slideshow_height_viewport\":60,\"slideshow_max_height\":\"500\",\"slideshow_min_height\":\"300\",\"slideshow_velocity\":\"2.1\",\"thumbnav_height\":\"75\",\"thumbnav_svg_color\":\"emphasis\",\"thumbnav_width\":\"100\",\"title_element\":\"h3\",\"title_hover_style\":\"reset\"},\"children\":[{\"type\":\"slideshow_item\",\"props\":{\"image\":\"wp-content\\\/uploads\\\/2024\\\/02\\\/alu-1.jpg\",\"image_alt\":\"Fen\\u00eatre Aluminium Baie vitr\\u00e9e, sur mesure\"}},{\"type\":\"slideshow_item\",\"props\":{\"image\":\"wp-content\\\/uploads\\\/2024\\\/02\\\/alu-4-scaled.jpg\",\"image_alt\":\"Fen\\u00eatre Aluminium Baie vitr\\u00e9e, sur mesure\"}},{\"type\":\"slideshow_item\",\"props\":{\"image\":\"wp-content\\\/uploads\\\/2024\\\/02\\\/alu-6-11.jpg\",\"image_alt\":\"Fen\\u00eatre aluminium, baie vitr\\u00e9e, coulissante, trap\\u00e8ze\"}},{\"type\":\"slideshow_item\",\"props\":{\"image\":\"wp-content\\\/uploads\\\/2024\\\/02\\\/copie-0_DSCN0072-Copie.jpg\"}},{\"type\":\"slideshow_item\",\"props\":{\"image\":\"wp-content\\\/uploads\\\/2025\\\/02\\\/fenetre-alu-taille-personnelle.jpg\",\"image_alt\":\"fen\\u00eatre aluminium vue exterieure\"}},{\"type\":\"slideshow_item\",\"props\":{\"image\":\"wp-content\\\/uploads\\\/2025\\\/02\\\/fenetre-alu-taille-personnelle-2.jpg\",\"image_alt\":\"Fen\\u00eatre aluminium vue int\\u00e9rieure\"}},{\"type\":\"slideshow_item\",\"props\":{\"image\":\"wp-content\\\/uploads\\\/2024\\\/02\\\/o-b-.jpg\",\"image_alt\":\"Fen\\u00eatre oscillo battante PVC\"}},{\"type\":\"slideshow_item\",\"props\":{\"image\":\"wp-content\\\/uploads\\\/2024\\\/02\\\/o-b-1-2.jpg\",\"image_alt\":\"Fen\\u00eatre PVC oscillo battante sur mesure ouverte\"}},{\"type\":\"slideshow_item\",\"props\":{\"image\":\"wp-content\\\/uploads\\\/2024\\\/03\\\/baie-vitree-1-scaled.jpg\",\"image_alt\":\"baie vitr\\u00e9e Alu\"}}]}]},{\"type\":\"column\",\"props\":{\"image_position\":\"center-center\",\"position_sticky_breakpoint\":\"m\",\"width_medium\":\"1-2\"},\"children\":[{\"type\":\"headline\",\"props\":{\"content\":\"Fen\\u00eatre en Aluminium\",\"title_decoration\":\"line\",\"title_element\":\"h2\",\"title_style\":\"h3\"}},{\"type\":\"text\",\"props\":{\"column_breakpoint\":\"m\",\"content\":\"\n\n<div><span>L'aluminium est naturellement l'un des mat\\u00e9riaux les plus respectueux de l'environnement. R\\u00e9sistant, l\\u00e9ger, mall\\u00e9able et 100 % recyclable.<br \\\/><\\\/span><\\\/div>\\n\n\n<div><span>Ce mat\\u00e9riau moderne et contemporain allie r\\u00e9sistance, mall\\u00e9abilit\\u00e9, l\\u00e9g\\u00e8ret\\u00e9 et finesse. \\u00a0C'est donc un avantage certain dans le gain de luminosit\\u00e9 et de clart\\u00e9.<\\\/span><\\\/div>\\n\n\n<div><span>La menuiserie aluminium s'int\\u00e8gre aujourd'hui dans l'\\u00e9volution des \\u00a0normes constructives \\u00e9cologiques, <br \\\/><\\\/span><\\\/div>\\n\n\n<div><span>L'aluminium est id\\u00e9al pour vos grandes baies coulissantes.<\\\/span><\\\/div>\",\"margin\":\"default\"}},{\"name\":\"Description List\",\"type\":\"description_list\",\"props\":{\"column_breakpoint\":\"m\",\"layout\":\"grid-2\",\"list_element\":\"ul\",\"margin\":\"medium\",\"margin_remove_bottom\":true,\"meta_align\":\"below-content\",\"meta_style\":\"text-meta\",\"show_content\":true,\"show_link\":true,\"show_meta\":true,\"show_title\":true,\"title_color\":\"muted\",\"title_element\":\"div\",\"title_grid_column_gap\":\"small\",\"title_grid_row_gap\":\"small\",\"title_grid_width\":\"auto\"},\"children\":[{\"type\":\"description_list_item\",\"props\":{\"content\":\"\n\n<p>Fen\\u00eatre, baie vitr\\u00e9e, v\\u00e9randa , sur mesure, coulissante, oscillo battante...<\\\/p>\",\"title\":\"Gamme :\"}}]}]}]}]},{\"type\":\"section\",\"props\":{\"image\":\"wp-content\\\/uploads\\\/2024\\\/02\\\/alu-9-1.jpg\",\"image_effect\":\"fixed\",\"image_position\":\"center-center\",\"image_size\":\"cover\",\"image_width\":2560,\"style\":\"default\",\"title_breakpoint\":\"xl\",\"title_position\":\"top-left\",\"title_rotation\":\"left\",\"vertical_align\":\"\",\"width\":\"default\"},\"children\":[{\"type\":\"row\",\"children\":[{\"type\":\"column\",\"props\":{\"image_position\":\"center-center\",\"position_sticky_breakpoint\":\"m\"}}]}]},{\"type\":\"section\",\"props\":{\"image_position\":\"center-center\",\"style\":\"default\",\"title_breakpoint\":\"xl\",\"title_position\":\"top-left\",\"title_rotation\":\"left\",\"vertical_align\":\"\",\"width\":\"default\"},\"children\":[{\"type\":\"row\",\"children\":[{\"type\":\"column\",\"props\":{\"image_position\":\"center-center\",\"position_sticky_breakpoint\":\"m\"},\"children\":[{\"type\":\"divider\",\"props\":{\"divider_element\":\"hr\"}}]}]}]},{\"name\":\"Fen\\u00eatre PVC\",\"type\":\"section\",\"props\":{\"image_position\":\"center-center\",\"image_size\":\"cover\",\"padding\":\"large\",\"padding_remove_top\":true,\"style\":\"default\",\"title_breakpoint\":\"xl\",\"title_position\":\"top-left\",\"title_rotation\":\"left\",\"vertical_align\":\"\",\"width\":\"default\"},\"children\":[{\"type\":\"row\",\"props\":{\"column_gap\":\"large\",\"layout\":\"1-2,1-2\",\"row_gap\":\"large\"},\"children\":[{\"type\":\"column\",\"props\":{\"image_position\":\"center-center\",\"position_sticky_breakpoint\":\"m\",\"width_medium\":\"1-2\"},\"children\":[{\"type\":\"gallery\",\"props\":{\"content_display\":\"lightbox\",\"filter_align\":\"left\",\"filter_all\":true,\"filter_grid_breakpoint\":\"m\",\"filter_grid_width\":\"auto\",\"filter_position\":\"top\",\"filter_style\":\"tab\",\"grid_default\":\"1\",\"grid_medium\":\"2\",\"image_height\":\"500\",\"image_loading\":false,\"image_orientation\":true,\"image_width\":\"500\",\"item_animation\":true,\"lightbox\":true,\"lightbox_bg_close\":true,\"lightbox_image_orientation\":true,\"link_style\":\"default\",\"link_text\":\"Read more\",\"margin\":\"default\",\"meta_align\":\"below-title\",\"meta_element\":\"div\",\"meta_style\":\"text-meta\",\"overlay_hover\":true,\"overlay_mode\":\"cover\",\"overlay_position\":\"bottom-center\",\"overlay_style\":\"\",\"overlay_transition\":\"slide-bottom\",\"show_content\":true,\"show_hover_image\":true,\"show_hover_video\":true,\"show_link\":true,\"show_meta\":true,\"show_title\":true,\"text_align\":\"center\",\"text_color\":\"light\",\"title_display\":\"lightbox\",\"title_element\":\"h3\",\"title_hover_style\":\"reset\"},\"children\":[{\"type\":\"gallery_item\",\"props\":{\"image\":\"wp-content\\\/uploads\\\/2024\\\/06\\\/pvc-1.jpg\",\"image_alt\":\"Fen\\u00eatres en PVC, \"}},{\"type\":\"gallery_item\",\"props\":{\"image\":\"wp-content\\\/uploads\\\/2024\\\/06\\\/pvc-3.jpg\",\"image_alt\":\"Veranda PVC\"}},{\"type\":\"gallery_item\",\"props\":{\"image\":\"wp-content\\\/uploads\\\/2024\\\/04\\\/fenetre-PVC-1.jpg\",\"image_alt\":\"Fen\\u00eatre PVC 2 vantaux dont 1 oscillo battant\"}},{\"type\":\"gallery_item\",\"props\":{\"image\":\"wp-content\\\/uploads\\\/2024\\\/04\\\/PVC-1.jpg\",\"image_alt\":\"Fen\\u00eatre PVC 2 vantaux dont 1 oscillo battant\"}}]}]},{\"type\":\"column\",\"props\":{\"image_position\":\"center-center\",\"position_sticky_breakpoint\":\"m\",\"width_medium\":\"1-2\"},\"children\":[{\"type\":\"headline\",\"props\":{\"content\":\"Fen\\u00eatre PVC\",\"title_decoration\":\"line\",\"title_element\":\"h2\",\"title_style\":\"h3\"}},{\"type\":\"text\",\"props\":{\"column_breakpoint\":\"m\",\"content\":\"\n\n<div><span>LE PVC est une mati\\u00e8re isolante, qui n'a pas de contrainte d'entretien. Il est r\\u00e9sistant, inalt\\u00e9rable et peut s'adapter \\u00e0 toutes les formes de fen\\u00eatres ( trap\\u00e8ze...)<\\\/span><\\\/div>\\n\n\n<div><span>Son prix reste abordable et gr\\u00e2ce \\u00e0 des fen\\u00eatres en PVC vous profiterez d'une isolation tant thermique qu'acoustique.<\\\/span><\\\/div>\\n\n\n<div><span>L'objectif principal \\u00e9tant de r\\u00e9duire la consommation \\u00e9nerg\\u00e9tique.<\\\/span><\\\/div>\\n\n\n<div><span>En installant des fen\\u00eatre en PVC vous serez en conformit\\u00e9 avec les normes impos\\u00e9es par la RT2012.<\\\/span><\\\/div>\",\"margin\":\"default\"}},{\"type\":\"description_list\",\"props\":{\"column_breakpoint\":\"m\",\"layout\":\"grid-2\",\"list_element\":\"ul\",\"margin\":\"medium\",\"margin_remove_bottom\":true,\"meta_align\":\"below-content\",\"meta_style\":\"text-meta\",\"show_content\":true,\"show_link\":true,\"show_meta\":true,\"show_title\":true,\"title_color\":\"muted\",\"title_element\":\"div\",\"title_grid_column_gap\":\"small\",\"title_grid_row_gap\":\"small\",\"title_grid_width\":\"auto\"},\"children\":[{\"type\":\"description_list_item\",\"props\":{\"content\":\"\n\n<p>Fen\\u00eatre, baie vitr\\u00e9e, v\\u00e9randa , sur mesure, coulissante, oscillo battante...<\\\/p>\",\"title\":\"Gammes\"}}]}]}]}]},{\"type\":\"section\",\"props\":{\"height\":\"page\",\"image\":\"wp-content\\\/uploads\\\/2024\\\/02\\\/alu-9-1.jpg\",\"image_effect\":\"fixed\",\"image_position\":\"center-center\",\"image_size\":\"cover\",\"image_width\":2560,\"media_blend_mode\":\"color\",\"overlap\":true,\"style\":\"default\",\"title_breakpoint\":\"xl\",\"title_position\":\"top-left\",\"title_rotation\":\"left\",\"vertical_align\":\"\",\"width\":\"default\"},\"children\":[{\"type\":\"row\",\"children\":[{\"type\":\"column\",\"props\":{\"image_position\":\"center-center\",\"position_sticky_breakpoint\":\"m\"}}]}]},{\"type\":\"section\",\"props\":{\"image_position\":\"center-center\",\"style\":\"default\",\"title_breakpoint\":\"xl\",\"title_position\":\"top-left\",\"title_rotation\":\"left\",\"vertical_align\":\"\",\"width\":\"default\"},\"children\":[{\"type\":\"row\",\"children\":[{\"type\":\"column\",\"props\":{\"image_position\":\"center-center\",\"position_sticky_breakpoint\":\"m\"},\"children\":[{\"type\":\"divider\",\"props\":{\"divider_element\":\"hr\"}}]}]}]},{\"name\":\"Fen\\u00eatre bois\",\"type\":\"section\",\"props\":{\"image_position\":\"center-center\",\"image_size\":\"cover\",\"padding\":\"large\",\"padding_remove_top\":true,\"style\":\"default\",\"title_breakpoint\":\"xl\",\"title_position\":\"top-left\",\"title_rotation\":\"left\",\"vertical_align\":\"\",\"width\":\"default\"},\"children\":[{\"type\":\"row\",\"props\":{\"column_gap\":\"large\",\"layout\":\"1-4,1-2,1-4\",\"row_gap\":\"large\"},\"children\":[{\"type\":\"column\",\"props\":{\"image_position\":\"center-center\",\"position_sticky_breakpoint\":\"m\",\"width_medium\":\"1-4\"},\"children\":[{\"type\":\"divider\",\"props\":{\"divider_element\":\"hr\"}},{\"type\":\"image\",\"props\":{\"image\":\"wp-content\\\/uploads\\\/2024\\\/02\\\/Fb-r-2.jpg\",\"image_alt\":\"Fen\\u00eatre en bois sur mesure, double vitrage, triple vitrage\",\"image_svg_color\":\"emphasis\",\"margin\":\"default\"}},{\"type\":\"image\",\"props\":{\"animation\":\"fade\",\"image\":\"wp-content\\\/uploads\\\/2024\\\/02\\\/Fb-r3.jpg\",\"image_loading\":true,\"image_svg_color\":\"emphasis\",\"margin\":\"default\"}}]},{\"type\":\"column\",\"props\":{\"image_position\":\"center-center\",\"position_sticky_breakpoint\":\"m\",\"width_medium\":\"1-2\"},\"children\":[{\"type\":\"headline\",\"props\":{\"content\":\"Fen\\u00eatre bois\",\"title_decoration\":\"line\",\"title_element\":\"h2\",\"title_style\":\"h3\"}},{\"type\":\"text\",\"props\":{\"column_breakpoint\":\"m\",\"content\":\"\n\n<div>\\n\n\n<div><span>La menuiserie en bois apporte de l'authenticit\\u00e9 et du charme bien qu'elle soit plus on\\u00e9reuse.<\\\/span><\\\/div>\\n\n\n<div>\\n\n\n<div><\\\/div>\\n\n\n<div><span>Le bois est :<\\\/span><\\\/div>\\n\n\n<ul>\\n\n\n<li><span>naturel et chaleureux,<\\\/span><\\\/li>\\n\n\n<li><span>il<\\\/span><span> offre une excellente isolation thermique,<\\\/span><\\\/li>\\n\n\n<li><span>il est r\\u00e9sistant,<\\\/span><\\\/li>\\n\n\n<li><span>il offre un vaste choix de mod\\u00e8les et de coloris.<\\\/span><\\\/li>\\n<\\\/ul>\\n\n\n<div><span>Un autre avantage du bois c'est qu' il est tout \\u00e0 fait possible de r\\u00e9nover ce type de volets ou de changer leurs couleurs.<\\\/span><\\\/div>\\n<\\\/div>\\n<\\\/div>\\n\n\n<div>\\n\n\n<div><\\\/div>\\n<\\\/div>\",\"margin\":\"default\"}}]},{\"type\":\"column\",\"props\":{\"image_position\":\"center-center\",\"position_sticky_breakpoint\":\"m\",\"width_medium\":\"1-4\"},\"children\":[{\"type\":\"divider\",\"props\":{\"divider_element\":\"hr\"}},{\"type\":\"image\",\"props\":{\"image\":\"wp-content\\\/uploads\\\/2024\\\/02\\\/Fb-redem.jpg\",\"image_alt\":\"Fen\\u00eatre en bois sur mesure, double vitrage, triple vitrage\",\"image_height\":700,\"image_loading\":true,\"image_svg_color\":\"emphasis\",\"image_width\":500,\"margin\":\"default\"}}]}]}]},{\"type\":\"section\",\"props\":{\"image_position\":\"center-center\",\"style\":\"default\",\"title_breakpoint\":\"xl\",\"title_position\":\"top-left\",\"title_rotation\":\"left\",\"vertical_align\":\"\",\"width\":\"default\"},\"children\":[{\"type\":\"row\",\"children\":[{\"type\":\"column\",\"props\":{\"image_position\":\"center-center\",\"position_sticky_breakpoint\":\"m\"}}]}]}],\"version\":\"4.5.7\"} --><\/p>\n","protected":false},"excerpt":{"rendered":"<p>Les fen\u00eatres Vous souhaitez r\u00e9nover\u00a0 ou changer vos fen\u00eatres, pour gagner en luminosit\u00e9, s\u00e9curit\u00e9, confort acoustique, \u00e9conomie d&rsquo;\u00e9nergie. Votre artisan est \u00e0 votre disposition pour vous conseiller, vous guider, dans les diff\u00e9rents choix qui s&rsquo;offrent \u00e0 vous. Fen\u00eatre en Aluminium L&rsquo;aluminium est naturellement l&rsquo;un des mat\u00e9riaux les plus respectueux de l&rsquo;environnement. R\u00e9sistant, l\u00e9ger, mall\u00e9able et [&hellip;]<\/p>\n","protected":false},"author":2,"featured_media":0,"parent":0,"menu_order":0,"comment_status":"closed","ping_status":"closed","template":"","meta":{"footnotes":""},"class_list":["post-152","page","type-page","status-publish","hentry"],"_links":{"self":[{"href":"https:\/\/eandjaluminium.com\/index.php?rest_route=\/wp\/v2\/pages\/152","targetHints":{"allow":["GET"]}}],"collection":[{"href":"https:\/\/eandjaluminium.com\/index.php?rest_route=\/wp\/v2\/pages"}],"about":[{"href":"https:\/\/eandjaluminium.com\/index.php?rest_route=\/wp\/v2\/types\/page"}],"author":[{"embeddable":true,"href":"https:\/\/eandjaluminium.com\/index.php?rest_route=\/wp\/v2\/users\/2"}],"replies":[{"embeddable":true,"href":"https:\/\/eandjaluminium.com\/index.php?rest_route=%2Fwp%2Fv2%2Fcomments&post=152"}],"version-history":[{"count":140,"href":"https:\/\/eandjaluminium.com\/index.php?rest_route=\/wp\/v2\/pages\/152\/revisions"}],"predecessor-version":[{"id":1104,"href":"https:\/\/eandjaluminium.com\/index.php?rest_route=\/wp\/v2\/pages\/152\/revisions\/1104"}],"wp:attachment":[{"href":"https:\/\/eandjaluminium.com\/index.php?rest_route=%2Fwp%2Fv2%2Fmedia&parent=152"}],"curies":[{"name":"wp","href":"https:\/\/api.w.org\/{rel}","templated":true}]}}